{"id":4641,"date":"2025-05-26T11:01:22","date_gmt":"2025-05-26T11:01:22","guid":{"rendered":"https:\/\/orthodoxblessings.com\/shop\/set-sa-kadionicom-briketom-tamjanom-i-kalendarom\/"},"modified":"2025-05-26T11:01:22","modified_gmt":"2025-05-26T11:01:22","slug":"set-sa-kadionicom-briketom-tamjanom-i-kalendarom","status":"publish","type":"product","link":"https:\/\/orthodoxblessings.com\/sr\/shop\/set-sa-kadionicom-briketom-tamjanom-i-kalendarom\/","title":{"rendered":"Set sa kadionicom, briketom, tamjanom i kalendarom"},"content":{"rendered":"<p>Kompletan set za doma\u0107e molitvene obrede, sadr\u017ei kadionicu, brikete, miri\u0161ljavi tamjan i pravoslavni kalendar.<\/p>\n","protected":false},"excerpt":{"rendered":"<p>Kompletan set za doma\u0107e molitvene obrede, sadr\u017ei kadionicu, brikete, miri\u0161ljavi tamjan i pravoslavni kalendar.<\/p>\n","protected":false},"featured_media":0,"template":"","meta":{"give_campaign_id":0},"product_brand":[],"product_cat":[340],"product_tag":[],"class_list":{"0":"post-4641","1":"product","2":"type-product","3":"status-publish","5":"product_cat-set-rucne-kadionice","7":"first","8":"instock","9":"purchasable","10":"product-type-simple"},"_links":{"self":[{"href":"https:\/\/orthodoxblessings.com\/sr\/wp-json\/wp\/v2\/product\/4641","targetHints":{"allow":["GET"]}}],"collection":[{"href":"https:\/\/orthodoxblessings.com\/sr\/wp-json\/wp\/v2\/product"}],"about":[{"href":"https:\/\/orthodoxblessings.com\/sr\/wp-json\/wp\/v2\/types\/product"}],"wp:attachment":[{"href":"https:\/\/orthodoxblessings.com\/sr\/wp-json\/wp\/v2\/media?parent=4641"}],"wp:term":[{"taxonomy":"product_brand","embeddable":true,"href":"https:\/\/orthodoxblessings.com\/sr\/wp-json\/wp\/v2\/product_brand?post=4641"},{"taxonomy":"product_cat","embeddable":true,"href":"https:\/\/orthodoxblessings.com\/sr\/wp-json\/wp\/v2\/product_cat?post=4641"},{"taxonomy":"product_tag","embeddable":true,"href":"https:\/\/orthodoxblessings.com\/sr\/wp-json\/wp\/v2\/product_tag?post=4641"}],"curies":[{"name":"wp","href":"https:\/\/api.w.org\/{rel}","templated":true}]}}