{"id":4635,"date":"2025-05-26T11:01:22","date_gmt":"2025-05-26T11:01:22","guid":{"rendered":"https:\/\/orthodoxblessings.com\/shop\/zidno-bronzano-kandilo\/"},"modified":"2025-12-08T16:04:51","modified_gmt":"2025-12-08T16:04:51","slug":"zidno-kandilo-veliko-srebrno","status":"publish","type":"product","link":"https:\/\/orthodoxblessings.com\/sr\/shop\/zidno-kandilo-veliko-srebrno\/","title":{"rendered":"Zidno kandilo veliko srebrno"},"content":{"rendered":"<div id=\"e-n-tab-content-520011671\" class=\"e-active elementor-element elementor-element-73c41a6 e-con-full e-flex e-con e-child\" role=\"tabpanel\" aria-labelledby=\"e-n-tab-title-520011671\" data-tab-index=\"1\" data-id=\"73c41a6\" data-element_type=\"container\">\n<div class=\"elementor-element elementor-element-1f00fe3 e-flex e-con-boxed e-con e-child\" data-id=\"1f00fe3\" data-element_type=\"container\">\n<div class=\"e-con-inner\">\n<div class=\"elementor-element elementor-element-3ccdd0c elementor-widget elementor-widget-woocommerce-product-content\" data-id=\"3ccdd0c\" data-element_type=\"widget\" data-widget_type=\"woocommerce-product-content.default\">\n<div class=\"elementor-widget-container\">\n<p>Prekrasno izra\u0111eno srebrno zidno kandilo, ukra\u0161eno finim detaljima koji daju sve\u010dan i topao izgled svakom domu ili hramu. Dizajnirano da nosi plamen vere i svetlosti, idealno za molitveni kutak.<\/p>\n<\/div>\n<\/div>\n<\/div>\n<\/div>\n<\/div>\n","protected":false},"excerpt":{"rendered":"<p>Prekrasno izra\u0111eno srebrno zidno kandilo, ukra\u0161eno finim detaljima koji daju sve\u010dan i topao izgled svakom domu ili hramu. Dizajnirano da nosi plamen vere i svetlosti, idealno za molitveni kutak.<\/p>\n","protected":false},"featured_media":6831,"template":"","meta":{"give_campaign_id":0},"product_brand":[],"product_cat":[335],"product_tag":[],"class_list":{"0":"post-4635","1":"product","2":"type-product","3":"status-publish","4":"has-post-thumbnail","6":"product_cat-kandila","8":"first","9":"instock","10":"purchasable","11":"product-type-simple"},"_links":{"self":[{"href":"https:\/\/orthodoxblessings.com\/sr\/wp-json\/wp\/v2\/product\/4635","targetHints":{"allow":["GET"]}}],"collection":[{"href":"https:\/\/orthodoxblessings.com\/sr\/wp-json\/wp\/v2\/product"}],"about":[{"href":"https:\/\/orthodoxblessings.com\/sr\/wp-json\/wp\/v2\/types\/product"}],"wp:featuredmedia":[{"embeddable":true,"href":"https:\/\/orthodoxblessings.com\/sr\/wp-json\/wp\/v2\/media\/6831"}],"wp:attachment":[{"href":"https:\/\/orthodoxblessings.com\/sr\/wp-json\/wp\/v2\/media?parent=4635"}],"wp:term":[{"taxonomy":"product_brand","embeddable":true,"href":"https:\/\/orthodoxblessings.com\/sr\/wp-json\/wp\/v2\/product_brand?post=4635"},{"taxonomy":"product_cat","embeddable":true,"href":"https:\/\/orthodoxblessings.com\/sr\/wp-json\/wp\/v2\/product_cat?post=4635"},{"taxonomy":"product_tag","embeddable":true,"href":"https:\/\/orthodoxblessings.com\/sr\/wp-json\/wp\/v2\/product_tag?post=4635"}],"curies":[{"name":"wp","href":"https:\/\/api.w.org\/{rel}","templated":true}]}}