{"id":4633,"date":"2025-05-26T11:01:22","date_gmt":"2025-05-26T11:01:22","guid":{"rendered":"https:\/\/orthodoxblessings.com\/shop\/zidno-bronzano-kandilo-sa-ikonom-sv-arhangel-stefan\/"},"modified":"2025-05-26T11:01:22","modified_gmt":"2025-05-26T11:01:22","slug":"zidno-bronzano-kandilo-sa-ikonom-sv-arhangel-stefan","status":"publish","type":"product","link":"https:\/\/orthodoxblessings.com\/sr\/shop\/zidno-bronzano-kandilo-sa-ikonom-sv-arhangel-stefan\/","title":{"rendered":"Zidno bronzano kandilo sa ikonom Sv. Arhangel Stefan"},"content":{"rendered":"<p>Elegantno bronzano kandilo sa ugra\u0111enom ikonom Svetog Arhangela Stefana. Simbol za\u0161tite i duhovne snage, idealno za porodi\u010dni dom ili kapelu. <\/p>\n","protected":false},"excerpt":{"rendered":"<p>Elegantno bronzano kandilo sa ugra\u0111enom ikonom Svetog Arhangela Stefana. Simbol za\u0161tite i duhovne snage, idealno za porodi\u010dni dom ili kapelu.<\/p>\n","protected":false},"featured_media":6807,"template":"","meta":{"give_campaign_id":0},"product_brand":[],"product_cat":[335],"product_tag":[],"class_list":{"0":"post-4633","1":"product","2":"type-product","3":"status-publish","4":"has-post-thumbnail","6":"product_cat-kandila","8":"first","9":"instock","10":"purchasable","11":"product-type-simple"},"_links":{"self":[{"href":"https:\/\/orthodoxblessings.com\/sr\/wp-json\/wp\/v2\/product\/4633","targetHints":{"allow":["GET"]}}],"collection":[{"href":"https:\/\/orthodoxblessings.com\/sr\/wp-json\/wp\/v2\/product"}],"about":[{"href":"https:\/\/orthodoxblessings.com\/sr\/wp-json\/wp\/v2\/types\/product"}],"wp:featuredmedia":[{"embeddable":true,"href":"https:\/\/orthodoxblessings.com\/sr\/wp-json\/wp\/v2\/media\/6807"}],"wp:attachment":[{"href":"https:\/\/orthodoxblessings.com\/sr\/wp-json\/wp\/v2\/media?parent=4633"}],"wp:term":[{"taxonomy":"product_brand","embeddable":true,"href":"https:\/\/orthodoxblessings.com\/sr\/wp-json\/wp\/v2\/product_brand?post=4633"},{"taxonomy":"product_cat","embeddable":true,"href":"https:\/\/orthodoxblessings.com\/sr\/wp-json\/wp\/v2\/product_cat?post=4633"},{"taxonomy":"product_tag","embeddable":true,"href":"https:\/\/orthodoxblessings.com\/sr\/wp-json\/wp\/v2\/product_tag?post=4633"}],"curies":[{"name":"wp","href":"https:\/\/api.w.org\/{rel}","templated":true}]}}