{"id":4631,"date":"2025-05-26T11:01:22","date_gmt":"2025-05-26T11:01:22","guid":{"rendered":"https:\/\/orthodoxblessings.com\/shop\/zidno-kandilo-bronzano\/"},"modified":"2025-05-26T11:01:22","modified_gmt":"2025-05-26T11:01:22","slug":"zidno-kandilo-bronzano","status":"publish","type":"product","link":"https:\/\/orthodoxblessings.com\/sr\/shop\/zidno-kandilo-bronzano\/","title":{"rendered":"Zidno kandilo bronzano"},"content":{"rendered":"<p>\u010cvrsto i kvalitetno bronzano zidno kandilo, ru\u010dno izra\u0111eno sa tradicionalnim motivima. Njegova topla boja i prefinjena izrada \u010dine ga odli\u010dnim izborom za sve koji \u017eele autenti\u010dan pravoslavni ambijent.<\/p>\n","protected":false},"excerpt":{"rendered":"<p>\u010cvrsto i kvalitetno bronzano zidno kandilo, ru\u010dno izra\u0111eno sa tradicionalnim motivima. Njegova topla boja i prefinjena izrada \u010dine ga odli\u010dnim izborom za sve koji \u017eele autenti\u010dan pravoslavni ambijent.<\/p>\n","protected":false},"featured_media":3845,"template":"","meta":{"give_campaign_id":0},"product_brand":[],"product_cat":[335],"product_tag":[],"class_list":{"0":"post-4631","1":"product","2":"type-product","3":"status-publish","4":"has-post-thumbnail","6":"product_cat-kandila","8":"first","9":"instock","10":"purchasable","11":"product-type-simple"},"_links":{"self":[{"href":"https:\/\/orthodoxblessings.com\/sr\/wp-json\/wp\/v2\/product\/4631","targetHints":{"allow":["GET"]}}],"collection":[{"href":"https:\/\/orthodoxblessings.com\/sr\/wp-json\/wp\/v2\/product"}],"about":[{"href":"https:\/\/orthodoxblessings.com\/sr\/wp-json\/wp\/v2\/types\/product"}],"wp:featuredmedia":[{"embeddable":true,"href":"https:\/\/orthodoxblessings.com\/sr\/wp-json\/wp\/v2\/media\/3845"}],"wp:attachment":[{"href":"https:\/\/orthodoxblessings.com\/sr\/wp-json\/wp\/v2\/media?parent=4631"}],"wp:term":[{"taxonomy":"product_brand","embeddable":true,"href":"https:\/\/orthodoxblessings.com\/sr\/wp-json\/wp\/v2\/product_brand?post=4631"},{"taxonomy":"product_cat","embeddable":true,"href":"https:\/\/orthodoxblessings.com\/sr\/wp-json\/wp\/v2\/product_cat?post=4631"},{"taxonomy":"product_tag","embeddable":true,"href":"https:\/\/orthodoxblessings.com\/sr\/wp-json\/wp\/v2\/product_tag?post=4631"}],"curies":[{"name":"wp","href":"https:\/\/api.w.org\/{rel}","templated":true}]}}