{"id":4625,"date":"2025-05-26T11:01:22","date_gmt":"2025-05-26T11:01:22","guid":{"rendered":"https:\/\/orthodoxblessings.com\/shop\/platna-za-vencanja-sa-zlatnim-krstom\/"},"modified":"2025-05-26T11:01:22","modified_gmt":"2025-05-26T11:01:22","slug":"platna-za-vencanja-sa-zlatnim-krstom","status":"publish","type":"product","link":"https:\/\/orthodoxblessings.com\/sr\/shop\/platna-za-vencanja-sa-zlatnim-krstom\/","title":{"rendered":"Platna za ven\u010danja sa zlatnim krstom"},"content":{"rendered":"<p>Sve\u010dana platna za ven\u010danje ukra\u0161ena zlatnim krstom predstavljaju simbol duhovne za\u0161tite i blagoslova za mladence.<\/p>\n","protected":false},"excerpt":{"rendered":"<p>Sve\u010dana platna za ven\u010danje ukra\u0161ena zlatnim krstom predstavljaju simbol duhovne za\u0161tite i blagoslova za mladence.<\/p>\n","protected":false},"featured_media":3829,"template":"","meta":{"give_campaign_id":0},"product_brand":[],"product_cat":[338],"product_tag":[],"class_list":{"0":"post-4625","1":"product","2":"type-product","3":"status-publish","4":"has-post-thumbnail","6":"product_cat-setovi-za-vencanja","8":"first","9":"instock","10":"purchasable","11":"product-type-simple"},"_links":{"self":[{"href":"https:\/\/orthodoxblessings.com\/sr\/wp-json\/wp\/v2\/product\/4625","targetHints":{"allow":["GET"]}}],"collection":[{"href":"https:\/\/orthodoxblessings.com\/sr\/wp-json\/wp\/v2\/product"}],"about":[{"href":"https:\/\/orthodoxblessings.com\/sr\/wp-json\/wp\/v2\/types\/product"}],"wp:featuredmedia":[{"embeddable":true,"href":"https:\/\/orthodoxblessings.com\/sr\/wp-json\/wp\/v2\/media\/3829"}],"wp:attachment":[{"href":"https:\/\/orthodoxblessings.com\/sr\/wp-json\/wp\/v2\/media?parent=4625"}],"wp:term":[{"taxonomy":"product_brand","embeddable":true,"href":"https:\/\/orthodoxblessings.com\/sr\/wp-json\/wp\/v2\/product_brand?post=4625"},{"taxonomy":"product_cat","embeddable":true,"href":"https:\/\/orthodoxblessings.com\/sr\/wp-json\/wp\/v2\/product_cat?post=4625"},{"taxonomy":"product_tag","embeddable":true,"href":"https:\/\/orthodoxblessings.com\/sr\/wp-json\/wp\/v2\/product_tag?post=4625"}],"curies":[{"name":"wp","href":"https:\/\/api.w.org\/{rel}","templated":true}]}}