{"id":4624,"date":"2025-05-26T11:01:22","date_gmt":"2025-05-26T11:01:22","guid":{"rendered":"https:\/\/orthodoxblessings.com\/shop\/platna-za-vencanja-sa-isusom-hristom\/"},"modified":"2025-05-26T11:01:22","modified_gmt":"2025-05-26T11:01:22","slug":"platna-za-vencanja-sa-isusom-hristom","status":"publish","type":"product","link":"https:\/\/orthodoxblessings.com\/sr\/shop\/platna-za-vencanja-sa-isusom-hristom\/","title":{"rendered":"Platna za ven\u010danja sa Isusom Hristom"},"content":{"rendered":"<p>Platna sa likom Isusa Hrista donose poseban blagoslov i duhovnu snagu mladencima na po\u010detku zajedni\u010dkog \u017eivota.<\/p>\n","protected":false},"excerpt":{"rendered":"<p>Platna sa likom Isusa Hrista donose poseban blagoslov i duhovnu snagu mladencima na po\u010detku zajedni\u010dkog \u017eivota.<\/p>\n","protected":false},"featured_media":3833,"template":"","meta":{"give_campaign_id":0},"product_brand":[],"product_cat":[338],"product_tag":[],"class_list":{"0":"post-4624","1":"product","2":"type-product","3":"status-publish","4":"has-post-thumbnail","6":"product_cat-setovi-za-vencanja","8":"first","9":"instock","10":"purchasable","11":"product-type-simple"},"_links":{"self":[{"href":"https:\/\/orthodoxblessings.com\/sr\/wp-json\/wp\/v2\/product\/4624","targetHints":{"allow":["GET"]}}],"collection":[{"href":"https:\/\/orthodoxblessings.com\/sr\/wp-json\/wp\/v2\/product"}],"about":[{"href":"https:\/\/orthodoxblessings.com\/sr\/wp-json\/wp\/v2\/types\/product"}],"wp:featuredmedia":[{"embeddable":true,"href":"https:\/\/orthodoxblessings.com\/sr\/wp-json\/wp\/v2\/media\/3833"}],"wp:attachment":[{"href":"https:\/\/orthodoxblessings.com\/sr\/wp-json\/wp\/v2\/media?parent=4624"}],"wp:term":[{"taxonomy":"product_brand","embeddable":true,"href":"https:\/\/orthodoxblessings.com\/sr\/wp-json\/wp\/v2\/product_brand?post=4624"},{"taxonomy":"product_cat","embeddable":true,"href":"https:\/\/orthodoxblessings.com\/sr\/wp-json\/wp\/v2\/product_cat?post=4624"},{"taxonomy":"product_tag","embeddable":true,"href":"https:\/\/orthodoxblessings.com\/sr\/wp-json\/wp\/v2\/product_tag?post=4624"}],"curies":[{"name":"wp","href":"https:\/\/api.w.org\/{rel}","templated":true}]}}