{"id":4621,"date":"2025-05-26T11:01:33","date_gmt":"2025-05-26T11:01:33","guid":{"rendered":"https:\/\/orthodoxblessings.com\/shop\/ikona-isusa-hrista\/"},"modified":"2025-05-26T11:01:33","modified_gmt":"2025-05-26T11:01:33","slug":"ikona-isusa-hrista","status":"publish","type":"product","link":"https:\/\/orthodoxblessings.com\/sr\/shop\/ikona-isusa-hrista\/","title":{"rendered":"Ikona Isusa Hrista"},"content":{"rendered":"<p>Ikona Isusa Hrista predstavlja spasitelja sveta, izra\u017eavaju\u0107i njegovu bo\u017eansku i ljudsku prirodu. Hristos je prikazan kao u\u010ditelj i spasioci, koji se u \u017ertvi i ljubavi \u017ertvuje za ljudski rod. Ova ikona je simvol Bo\u017eje milosti i ljubavi, kao i vere koja vodi ka spasenju.<\/p>\n","protected":false},"excerpt":{"rendered":"<p>Ikona Isusa Hrista predstavlja spasitelja sveta, izra\u017eavaju\u0107i njegovu bo\u017eansku i ljudsku prirodu. Hristos je prikazan kao u\u010ditelj i spasioci, koji se u \u017ertvi i ljubavi \u017ertvuje za ljudski rod. Ova ikona je simvol Bo\u017eje milosti i ljubavi, kao i vere koja vodi ka spasenju.<\/p>\n","protected":false},"featured_media":0,"template":"","meta":{"give_campaign_id":0},"product_brand":[],"product_cat":[314],"product_tag":[],"class_list":{"0":"post-4621","1":"product","2":"type-product","3":"status-publish","5":"product_cat-ikone-u-staklenim-ramovima","7":"first","8":"outofstock","9":"purchasable","10":"product-type-simple"},"_links":{"self":[{"href":"https:\/\/orthodoxblessings.com\/sr\/wp-json\/wp\/v2\/product\/4621","targetHints":{"allow":["GET"]}}],"collection":[{"href":"https:\/\/orthodoxblessings.com\/sr\/wp-json\/wp\/v2\/product"}],"about":[{"href":"https:\/\/orthodoxblessings.com\/sr\/wp-json\/wp\/v2\/types\/product"}],"wp:attachment":[{"href":"https:\/\/orthodoxblessings.com\/sr\/wp-json\/wp\/v2\/media?parent=4621"}],"wp:term":[{"taxonomy":"product_brand","embeddable":true,"href":"https:\/\/orthodoxblessings.com\/sr\/wp-json\/wp\/v2\/product_brand?post=4621"},{"taxonomy":"product_cat","embeddable":true,"href":"https:\/\/orthodoxblessings.com\/sr\/wp-json\/wp\/v2\/product_cat?post=4621"},{"taxonomy":"product_tag","embeddable":true,"href":"https:\/\/orthodoxblessings.com\/sr\/wp-json\/wp\/v2\/product_tag?post=4621"}],"curies":[{"name":"wp","href":"https:\/\/api.w.org\/{rel}","templated":true}]}}