{"id":4620,"date":"2025-05-26T11:01:33","date_gmt":"2025-05-26T11:01:33","guid":{"rendered":"https:\/\/orthodoxblessings.com\/shop\/ikona-sv-vasilije-ostoski\/"},"modified":"2025-05-26T11:01:33","modified_gmt":"2025-05-26T11:01:33","slug":"ikona-sv-vasilije-ostoski","status":"publish","type":"product","link":"https:\/\/orthodoxblessings.com\/sr\/shop\/ikona-sv-vasilije-ostoski\/","title":{"rendered":"Ikona Sv. Vasilije osto\u0161ki"},"content":{"rendered":"<p>Ikona Svetog Vasilija Ostro\u0161kog pokazuje ovog velikog svetitelja, koji je svojim \u010dudima i \u010dudotvornim mo\u0107ima postao simvol duhovne snage i za\u0161tite. Sv. Vasilije, poznat po svojoj mudrosti i pravednosti, osvetljava put vernicima, pru\u017eaju\u0107i im utehu i blagoslov. Ova ikona je pogodna za duhovnu podr\u0161ku u trenucima potrebe.<\/p>\n","protected":false},"excerpt":{"rendered":"<p>Ikona Svetog Vasilija Ostro\u0161kog pokazuje ovog velikog svetitelja, koji je svojim \u010dudima i \u010dudotvornim mo\u0107ima postao simvol duhovne snage i za\u0161tite. Sv. Vasilije, poznat po svojoj mudrosti i pravednosti, osvetljava put vernicima, pru\u017eaju\u0107i im utehu i blagoslov. Ova ikona je pogodna za duhovnu podr\u0161ku u trenucima potrebe.<\/p>\n","protected":false},"featured_media":3919,"template":"","meta":{"give_campaign_id":0},"product_brand":[],"product_cat":[314],"product_tag":[],"class_list":{"0":"post-4620","1":"product","2":"type-product","3":"status-publish","4":"has-post-thumbnail","6":"product_cat-ikone-u-staklenim-ramovima","8":"first","9":"outofstock","10":"purchasable","11":"product-type-simple"},"_links":{"self":[{"href":"https:\/\/orthodoxblessings.com\/sr\/wp-json\/wp\/v2\/product\/4620","targetHints":{"allow":["GET"]}}],"collection":[{"href":"https:\/\/orthodoxblessings.com\/sr\/wp-json\/wp\/v2\/product"}],"about":[{"href":"https:\/\/orthodoxblessings.com\/sr\/wp-json\/wp\/v2\/types\/product"}],"wp:featuredmedia":[{"embeddable":true,"href":"https:\/\/orthodoxblessings.com\/sr\/wp-json\/wp\/v2\/media\/3919"}],"wp:attachment":[{"href":"https:\/\/orthodoxblessings.com\/sr\/wp-json\/wp\/v2\/media?parent=4620"}],"wp:term":[{"taxonomy":"product_brand","embeddable":true,"href":"https:\/\/orthodoxblessings.com\/sr\/wp-json\/wp\/v2\/product_brand?post=4620"},{"taxonomy":"product_cat","embeddable":true,"href":"https:\/\/orthodoxblessings.com\/sr\/wp-json\/wp\/v2\/product_cat?post=4620"},{"taxonomy":"product_tag","embeddable":true,"href":"https:\/\/orthodoxblessings.com\/sr\/wp-json\/wp\/v2\/product_tag?post=4620"}],"curies":[{"name":"wp","href":"https:\/\/api.w.org\/{rel}","templated":true}]}}