{"id":4617,"date":"2025-05-26T11:01:33","date_gmt":"2025-05-26T11:01:33","guid":{"rendered":"https:\/\/orthodoxblessings.com\/shop\/slavske-svece-sa-grbom\/"},"modified":"2025-05-26T11:01:33","modified_gmt":"2025-05-26T11:01:33","slug":"slavske-svece-sa-grbom","status":"publish","type":"product","link":"https:\/\/orthodoxblessings.com\/sr\/shop\/slavske-svece-sa-grbom\/","title":{"rendered":"Slavske sve\u0107e sa grbom"},"content":{"rendered":"<p>Dekorativne slavske sve\u0107e sa motivom porodi\u010dnog grba, simbolizuju porodi\u010dnu veru i za\u0161titu.<\/p>\n","protected":false},"excerpt":{"rendered":"<p>Dekorativne slavske sve\u0107e sa motivom porodi\u010dnog grba, simbolizuju porodi\u010dnu veru i za\u0161titu.<\/p>\n","protected":false},"featured_media":7946,"template":"","meta":{"give_campaign_id":0},"product_brand":[],"product_cat":[337],"product_tag":[],"class_list":{"0":"post-4617","1":"product","2":"type-product","3":"status-publish","4":"has-post-thumbnail","6":"product_cat-slavske-svece","8":"first","9":"instock","10":"purchasable","11":"product-type-simple"},"_links":{"self":[{"href":"https:\/\/orthodoxblessings.com\/sr\/wp-json\/wp\/v2\/product\/4617","targetHints":{"allow":["GET"]}}],"collection":[{"href":"https:\/\/orthodoxblessings.com\/sr\/wp-json\/wp\/v2\/product"}],"about":[{"href":"https:\/\/orthodoxblessings.com\/sr\/wp-json\/wp\/v2\/types\/product"}],"wp:featuredmedia":[{"embeddable":true,"href":"https:\/\/orthodoxblessings.com\/sr\/wp-json\/wp\/v2\/media\/7946"}],"wp:attachment":[{"href":"https:\/\/orthodoxblessings.com\/sr\/wp-json\/wp\/v2\/media?parent=4617"}],"wp:term":[{"taxonomy":"product_brand","embeddable":true,"href":"https:\/\/orthodoxblessings.com\/sr\/wp-json\/wp\/v2\/product_brand?post=4617"},{"taxonomy":"product_cat","embeddable":true,"href":"https:\/\/orthodoxblessings.com\/sr\/wp-json\/wp\/v2\/product_cat?post=4617"},{"taxonomy":"product_tag","embeddable":true,"href":"https:\/\/orthodoxblessings.com\/sr\/wp-json\/wp\/v2\/product_tag?post=4617"}],"curies":[{"name":"wp","href":"https:\/\/api.w.org\/{rel}","templated":true}]}}