{"id":4605,"date":"2025-05-26T11:01:33","date_gmt":"2025-05-26T11:01:33","guid":{"rendered":"https:\/\/orthodoxblessings.com\/shop\/bronazani-svecnjak-sa-krstom\/"},"modified":"2025-12-11T11:15:06","modified_gmt":"2025-12-11T11:15:06","slug":"bronzani-svecnjak","status":"publish","type":"product","link":"https:\/\/orthodoxblessings.com\/sr\/shop\/bronzani-svecnjak\/","title":{"rendered":"Bronzani sve\u0107njak"},"content":{"rendered":"<p>Te\u017eak i stabilan bronzani sve\u0107njak, idealan za dugotrajnu upotrebu.<\/p>\n","protected":false},"excerpt":{"rendered":"<p>Te\u017eak i stabilan bronzani sve\u0107njak, idealan za dugotrajnu upotrebu.<\/p>\n","protected":false},"featured_media":7249,"template":"","meta":{"give_campaign_id":0},"product_brand":[],"product_cat":[334],"product_tag":[],"class_list":{"0":"post-4605","1":"product","2":"type-product","3":"status-publish","4":"has-post-thumbnail","6":"product_cat-metalni-svecnjak","8":"first","9":"instock","10":"purchasable","11":"product-type-simple"},"_links":{"self":[{"href":"https:\/\/orthodoxblessings.com\/sr\/wp-json\/wp\/v2\/product\/4605","targetHints":{"allow":["GET"]}}],"collection":[{"href":"https:\/\/orthodoxblessings.com\/sr\/wp-json\/wp\/v2\/product"}],"about":[{"href":"https:\/\/orthodoxblessings.com\/sr\/wp-json\/wp\/v2\/types\/product"}],"wp:featuredmedia":[{"embeddable":true,"href":"https:\/\/orthodoxblessings.com\/sr\/wp-json\/wp\/v2\/media\/7249"}],"wp:attachment":[{"href":"https:\/\/orthodoxblessings.com\/sr\/wp-json\/wp\/v2\/media?parent=4605"}],"wp:term":[{"taxonomy":"product_brand","embeddable":true,"href":"https:\/\/orthodoxblessings.com\/sr\/wp-json\/wp\/v2\/product_brand?post=4605"},{"taxonomy":"product_cat","embeddable":true,"href":"https:\/\/orthodoxblessings.com\/sr\/wp-json\/wp\/v2\/product_cat?post=4605"},{"taxonomy":"product_tag","embeddable":true,"href":"https:\/\/orthodoxblessings.com\/sr\/wp-json\/wp\/v2\/product_tag?post=4605"}],"curies":[{"name":"wp","href":"https:\/\/api.w.org\/{rel}","templated":true}]}}