{"id":4604,"date":"2025-05-26T11:01:33","date_gmt":"2025-05-26T11:01:33","guid":{"rendered":"https:\/\/orthodoxblessings.com\/shop\/zlatni-svecnjak-sa-krstom\/"},"modified":"2025-05-26T11:01:33","modified_gmt":"2025-05-26T11:01:33","slug":"zlatni-svecnjak-sa-krstom","status":"publish","type":"product","link":"https:\/\/orthodoxblessings.com\/sr\/shop\/zlatni-svecnjak-sa-krstom\/","title":{"rendered":"Zlatni sve\u0107njak sa krstom"},"content":{"rendered":"<p>Ru\u010dno izra\u0111en zlatni sve\u0107njak, simbol duhovne svetlosti i molitvenog mira.<\/p>\n","protected":false},"excerpt":{"rendered":"<p>Ru\u010dno izra\u0111en zlatni sve\u0107njak, simbol duhovne svetlosti i molitvenog mira.<\/p>\n","protected":false},"featured_media":0,"template":"","meta":{"give_campaign_id":0},"product_brand":[],"product_cat":[334],"product_tag":[],"class_list":{"0":"post-4604","1":"product","2":"type-product","3":"status-publish","5":"product_cat-metalni-svecnjak","7":"first","8":"outofstock","9":"purchasable","10":"product-type-simple"},"_links":{"self":[{"href":"https:\/\/orthodoxblessings.com\/sr\/wp-json\/wp\/v2\/product\/4604","targetHints":{"allow":["GET"]}}],"collection":[{"href":"https:\/\/orthodoxblessings.com\/sr\/wp-json\/wp\/v2\/product"}],"about":[{"href":"https:\/\/orthodoxblessings.com\/sr\/wp-json\/wp\/v2\/types\/product"}],"wp:attachment":[{"href":"https:\/\/orthodoxblessings.com\/sr\/wp-json\/wp\/v2\/media?parent=4604"}],"wp:term":[{"taxonomy":"product_brand","embeddable":true,"href":"https:\/\/orthodoxblessings.com\/sr\/wp-json\/wp\/v2\/product_brand?post=4604"},{"taxonomy":"product_cat","embeddable":true,"href":"https:\/\/orthodoxblessings.com\/sr\/wp-json\/wp\/v2\/product_cat?post=4604"},{"taxonomy":"product_tag","embeddable":true,"href":"https:\/\/orthodoxblessings.com\/sr\/wp-json\/wp\/v2\/product_tag?post=4604"}],"curies":[{"name":"wp","href":"https:\/\/api.w.org\/{rel}","templated":true}]}}