{"id":4603,"date":"2025-05-26T11:01:33","date_gmt":"2025-05-26T11:01:33","guid":{"rendered":"https:\/\/orthodoxblessings.com\/shop\/svecnjaci-crveni-sa-motivom-ribe\/"},"modified":"2025-05-26T11:01:33","modified_gmt":"2025-05-26T11:01:33","slug":"svecnjaci-crveni-sa-motivom-ribe","status":"publish","type":"product","link":"https:\/\/orthodoxblessings.com\/sr\/shop\/svecnjaci-crveni-sa-motivom-ribe\/","title":{"rendered":"Sve\u0107njaci Crveni sa motivom ribe"},"content":{"rendered":"<p>Simbol hri\u0161\u0107anstva u obliku ribe ukra\u0161en na crvenom sve\u0107njaku, odli\u010dan izbor za vernike.<\/p>\n","protected":false},"excerpt":{"rendered":"<p>Simbol hri\u0161\u0107anstva u obliku ribe ukra\u0161en na crvenom sve\u0107njaku, odli\u010dan izbor za vernike.<\/p>\n","protected":false},"featured_media":0,"template":"","meta":{"give_campaign_id":0},"product_brand":[],"product_cat":[333],"product_tag":[],"class_list":{"0":"post-4603","1":"product","2":"type-product","3":"status-publish","5":"product_cat-svecnjak-keramika","7":"first","8":"outofstock","9":"purchasable","10":"product-type-simple"},"_links":{"self":[{"href":"https:\/\/orthodoxblessings.com\/sr\/wp-json\/wp\/v2\/product\/4603","targetHints":{"allow":["GET"]}}],"collection":[{"href":"https:\/\/orthodoxblessings.com\/sr\/wp-json\/wp\/v2\/product"}],"about":[{"href":"https:\/\/orthodoxblessings.com\/sr\/wp-json\/wp\/v2\/types\/product"}],"wp:attachment":[{"href":"https:\/\/orthodoxblessings.com\/sr\/wp-json\/wp\/v2\/media?parent=4603"}],"wp:term":[{"taxonomy":"product_brand","embeddable":true,"href":"https:\/\/orthodoxblessings.com\/sr\/wp-json\/wp\/v2\/product_brand?post=4603"},{"taxonomy":"product_cat","embeddable":true,"href":"https:\/\/orthodoxblessings.com\/sr\/wp-json\/wp\/v2\/product_cat?post=4603"},{"taxonomy":"product_tag","embeddable":true,"href":"https:\/\/orthodoxblessings.com\/sr\/wp-json\/wp\/v2\/product_tag?post=4603"}],"curies":[{"name":"wp","href":"https:\/\/api.w.org\/{rel}","templated":true}]}}