{"id":4602,"date":"2025-05-26T11:01:33","date_gmt":"2025-05-26T11:01:33","guid":{"rendered":"https:\/\/orthodoxblessings.com\/shop\/svecnjak-crveni-sa-motivom-krsta\/"},"modified":"2025-05-26T11:01:33","modified_gmt":"2025-05-26T11:01:33","slug":"svecnjak-crveni-sa-motivom-krsta","status":"publish","type":"product","link":"https:\/\/orthodoxblessings.com\/sr\/shop\/svecnjak-crveni-sa-motivom-krsta\/","title":{"rendered":"Sve\u0107njak Crveni sa motivom krsta"},"content":{"rendered":"<p>Jake crvene boje sa upe\u010datljivim motivom krsta, simbol snage i po\u017ertvovanja u veri.<\/p>\n","protected":false},"excerpt":{"rendered":"<p>Jake crvene boje sa upe\u010datljivim motivom krsta, simbol snage i po\u017ertvovanja u veri.<\/p>\n","protected":false},"featured_media":3881,"template":"","meta":{"give_campaign_id":0},"product_brand":[],"product_cat":[333],"product_tag":[],"class_list":{"0":"post-4602","1":"product","2":"type-product","3":"status-publish","4":"has-post-thumbnail","6":"product_cat-svecnjak-keramika","8":"first","9":"instock","10":"purchasable","11":"product-type-simple"},"_links":{"self":[{"href":"https:\/\/orthodoxblessings.com\/sr\/wp-json\/wp\/v2\/product\/4602","targetHints":{"allow":["GET"]}}],"collection":[{"href":"https:\/\/orthodoxblessings.com\/sr\/wp-json\/wp\/v2\/product"}],"about":[{"href":"https:\/\/orthodoxblessings.com\/sr\/wp-json\/wp\/v2\/types\/product"}],"wp:featuredmedia":[{"embeddable":true,"href":"https:\/\/orthodoxblessings.com\/sr\/wp-json\/wp\/v2\/media\/3881"}],"wp:attachment":[{"href":"https:\/\/orthodoxblessings.com\/sr\/wp-json\/wp\/v2\/media?parent=4602"}],"wp:term":[{"taxonomy":"product_brand","embeddable":true,"href":"https:\/\/orthodoxblessings.com\/sr\/wp-json\/wp\/v2\/product_brand?post=4602"},{"taxonomy":"product_cat","embeddable":true,"href":"https:\/\/orthodoxblessings.com\/sr\/wp-json\/wp\/v2\/product_cat?post=4602"},{"taxonomy":"product_tag","embeddable":true,"href":"https:\/\/orthodoxblessings.com\/sr\/wp-json\/wp\/v2\/product_tag?post=4602"}],"curies":[{"name":"wp","href":"https:\/\/api.w.org\/{rel}","templated":true}]}}