{"id":4600,"date":"2025-05-26T11:01:33","date_gmt":"2025-05-26T11:01:33","guid":{"rendered":"https:\/\/orthodoxblessings.com\/shop\/svecnjak-rozi\/"},"modified":"2025-05-26T11:01:33","modified_gmt":"2025-05-26T11:01:33","slug":"svecnjak-rozi","status":"publish","type":"product","link":"https:\/\/orthodoxblessings.com\/sr\/shop\/svecnjak-rozi\/","title":{"rendered":"Sve\u0107njak Rozi"},"content":{"rendered":"<p>\u010cvrst, estetski prefinjen i blag sve\u0107njak u roze nijansi, pogodan za duhovne obrede i kao poklon.<\/p>\n","protected":false},"excerpt":{"rendered":"<p>\u010cvrst, estetski prefinjen i blag sve\u0107njak u roze nijansi, pogodan za duhovne obrede i kao poklon.<\/p>\n","protected":false},"featured_media":3869,"template":"","meta":{"give_campaign_id":0},"product_brand":[],"product_cat":[333],"product_tag":[],"class_list":{"0":"post-4600","1":"product","2":"type-product","3":"status-publish","4":"has-post-thumbnail","6":"product_cat-svecnjak-keramika","8":"first","9":"instock","10":"purchasable","11":"product-type-simple"},"_links":{"self":[{"href":"https:\/\/orthodoxblessings.com\/sr\/wp-json\/wp\/v2\/product\/4600","targetHints":{"allow":["GET"]}}],"collection":[{"href":"https:\/\/orthodoxblessings.com\/sr\/wp-json\/wp\/v2\/product"}],"about":[{"href":"https:\/\/orthodoxblessings.com\/sr\/wp-json\/wp\/v2\/types\/product"}],"wp:featuredmedia":[{"embeddable":true,"href":"https:\/\/orthodoxblessings.com\/sr\/wp-json\/wp\/v2\/media\/3869"}],"wp:attachment":[{"href":"https:\/\/orthodoxblessings.com\/sr\/wp-json\/wp\/v2\/media?parent=4600"}],"wp:term":[{"taxonomy":"product_brand","embeddable":true,"href":"https:\/\/orthodoxblessings.com\/sr\/wp-json\/wp\/v2\/product_brand?post=4600"},{"taxonomy":"product_cat","embeddable":true,"href":"https:\/\/orthodoxblessings.com\/sr\/wp-json\/wp\/v2\/product_cat?post=4600"},{"taxonomy":"product_tag","embeddable":true,"href":"https:\/\/orthodoxblessings.com\/sr\/wp-json\/wp\/v2\/product_tag?post=4600"}],"curies":[{"name":"wp","href":"https:\/\/api.w.org\/{rel}","templated":true}]}}