{"id":4597,"date":"2025-05-26T11:01:45","date_gmt":"2025-05-26T11:01:45","guid":{"rendered":"https:\/\/orthodoxblessings.com\/shop\/tajna-spasenja\/"},"modified":"2025-05-26T11:01:45","modified_gmt":"2025-05-26T11:01:45","slug":"tajna-spasenja","status":"publish","type":"product","link":"https:\/\/orthodoxblessings.com\/sr\/shop\/tajna-spasenja\/","title":{"rendered":"Tajna spasenja"},"content":{"rendered":"<p>Duhovno delo koje vodi \u010ditaoce kroz tajnu spasenja, pou\u010davaju\u0107i o Bo\u017ejoj milosti, veri i pokajanju kao klju\u010dnim putevima ka spasenju.<\/p>\n","protected":false},"excerpt":{"rendered":"<p>Duhovno delo koje vodi \u010ditaoce kroz tajnu spasenja, pou\u010davaju\u0107i o Bo\u017ejoj milosti, veri i pokajanju kao klju\u010dnim putevima ka spasenju.<\/p>\n","protected":false},"featured_media":3961,"template":"","meta":{"give_campaign_id":0},"product_brand":[],"product_cat":[323],"product_tag":[],"class_list":{"0":"post-4597","1":"product","2":"type-product","3":"status-publish","4":"has-post-thumbnail","6":"product_cat-pravoslavni-duhovni-vodici","8":"first","9":"instock","10":"purchasable","11":"product-type-simple"},"_links":{"self":[{"href":"https:\/\/orthodoxblessings.com\/sr\/wp-json\/wp\/v2\/product\/4597","targetHints":{"allow":["GET"]}}],"collection":[{"href":"https:\/\/orthodoxblessings.com\/sr\/wp-json\/wp\/v2\/product"}],"about":[{"href":"https:\/\/orthodoxblessings.com\/sr\/wp-json\/wp\/v2\/types\/product"}],"wp:featuredmedia":[{"embeddable":true,"href":"https:\/\/orthodoxblessings.com\/sr\/wp-json\/wp\/v2\/media\/3961"}],"wp:attachment":[{"href":"https:\/\/orthodoxblessings.com\/sr\/wp-json\/wp\/v2\/media?parent=4597"}],"wp:term":[{"taxonomy":"product_brand","embeddable":true,"href":"https:\/\/orthodoxblessings.com\/sr\/wp-json\/wp\/v2\/product_brand?post=4597"},{"taxonomy":"product_cat","embeddable":true,"href":"https:\/\/orthodoxblessings.com\/sr\/wp-json\/wp\/v2\/product_cat?post=4597"},{"taxonomy":"product_tag","embeddable":true,"href":"https:\/\/orthodoxblessings.com\/sr\/wp-json\/wp\/v2\/product_tag?post=4597"}],"curies":[{"name":"wp","href":"https:\/\/api.w.org\/{rel}","templated":true}]}}