{"id":4596,"date":"2025-05-26T11:01:45","date_gmt":"2025-05-26T11:01:45","guid":{"rendered":"https:\/\/orthodoxblessings.com\/shop\/vreme-i-vecnost\/"},"modified":"2025-05-26T11:01:45","modified_gmt":"2025-05-26T11:01:45","slug":"vreme-i-vecnost","status":"publish","type":"product","link":"https:\/\/orthodoxblessings.com\/sr\/shop\/vreme-i-vecnost\/","title":{"rendered":"Vreme i ve\u010dnost"},"content":{"rendered":"<p>Ovaj spis otkriva zna\u010denje vremena u kontekstu hri\u0161\u0107anske vere i odnosa prema ve\u010dnosti, podse\u0107aju\u0107i nas na prolaznost ovozemaljskog \u017eivota.<\/p>\n","protected":false},"excerpt":{"rendered":"<p>Ovaj spis otkriva zna\u010denje vremena u kontekstu hri\u0161\u0107anske vere i odnosa prema ve\u010dnosti, podse\u0107aju\u0107i nas na prolaznost ovozemaljskog \u017eivota.<\/p>\n","protected":false},"featured_media":3959,"template":"","meta":{"give_campaign_id":0},"product_brand":[],"product_cat":[323],"product_tag":[],"class_list":{"0":"post-4596","1":"product","2":"type-product","3":"status-publish","4":"has-post-thumbnail","6":"product_cat-pravoslavni-duhovni-vodici","8":"first","9":"instock","10":"purchasable","11":"product-type-simple"},"_links":{"self":[{"href":"https:\/\/orthodoxblessings.com\/sr\/wp-json\/wp\/v2\/product\/4596","targetHints":{"allow":["GET"]}}],"collection":[{"href":"https:\/\/orthodoxblessings.com\/sr\/wp-json\/wp\/v2\/product"}],"about":[{"href":"https:\/\/orthodoxblessings.com\/sr\/wp-json\/wp\/v2\/types\/product"}],"wp:featuredmedia":[{"embeddable":true,"href":"https:\/\/orthodoxblessings.com\/sr\/wp-json\/wp\/v2\/media\/3959"}],"wp:attachment":[{"href":"https:\/\/orthodoxblessings.com\/sr\/wp-json\/wp\/v2\/media?parent=4596"}],"wp:term":[{"taxonomy":"product_brand","embeddable":true,"href":"https:\/\/orthodoxblessings.com\/sr\/wp-json\/wp\/v2\/product_brand?post=4596"},{"taxonomy":"product_cat","embeddable":true,"href":"https:\/\/orthodoxblessings.com\/sr\/wp-json\/wp\/v2\/product_cat?post=4596"},{"taxonomy":"product_tag","embeddable":true,"href":"https:\/\/orthodoxblessings.com\/sr\/wp-json\/wp\/v2\/product_tag?post=4596"}],"curies":[{"name":"wp","href":"https:\/\/api.w.org\/{rel}","templated":true}]}}