{"id":4594,"date":"2025-05-26T11:01:45","date_gmt":"2025-05-26T11:01:45","guid":{"rendered":"https:\/\/orthodoxblessings.com\/shop\/vera-svetih\/"},"modified":"2025-05-26T11:01:45","modified_gmt":"2025-05-26T11:01:45","slug":"vera-svetih","status":"publish","type":"product","link":"https:\/\/orthodoxblessings.com\/sr\/shop\/vera-svetih\/","title":{"rendered":"Vera svetih"},"content":{"rendered":"<p>Autenti\u010dno svedo\u010danstvo o pravoslavnoj veri i njenoj su\u0161tini, obja\u0161njavaju\u0107i osnovna verovanja i na\u010dela koje su svetitelji vekovima \u010duvali i prenosili.<\/p>\n","protected":false},"excerpt":{"rendered":"<p>Autenti\u010dno svedo\u010danstvo o pravoslavnoj veri i njenoj su\u0161tini, obja\u0161njavaju\u0107i osnovna verovanja i na\u010dela koje su svetitelji vekovima \u010duvali i prenosili.<\/p>\n","protected":false},"featured_media":3955,"template":"","meta":{"give_campaign_id":0},"product_brand":[],"product_cat":[323],"product_tag":[],"class_list":{"0":"post-4594","1":"product","2":"type-product","3":"status-publish","4":"has-post-thumbnail","6":"product_cat-pravoslavni-duhovni-vodici","8":"first","9":"instock","10":"purchasable","11":"product-type-simple"},"_links":{"self":[{"href":"https:\/\/orthodoxblessings.com\/sr\/wp-json\/wp\/v2\/product\/4594","targetHints":{"allow":["GET"]}}],"collection":[{"href":"https:\/\/orthodoxblessings.com\/sr\/wp-json\/wp\/v2\/product"}],"about":[{"href":"https:\/\/orthodoxblessings.com\/sr\/wp-json\/wp\/v2\/types\/product"}],"wp:featuredmedia":[{"embeddable":true,"href":"https:\/\/orthodoxblessings.com\/sr\/wp-json\/wp\/v2\/media\/3955"}],"wp:attachment":[{"href":"https:\/\/orthodoxblessings.com\/sr\/wp-json\/wp\/v2\/media?parent=4594"}],"wp:term":[{"taxonomy":"product_brand","embeddable":true,"href":"https:\/\/orthodoxblessings.com\/sr\/wp-json\/wp\/v2\/product_brand?post=4594"},{"taxonomy":"product_cat","embeddable":true,"href":"https:\/\/orthodoxblessings.com\/sr\/wp-json\/wp\/v2\/product_cat?post=4594"},{"taxonomy":"product_tag","embeddable":true,"href":"https:\/\/orthodoxblessings.com\/sr\/wp-json\/wp\/v2\/product_tag?post=4594"}],"curies":[{"name":"wp","href":"https:\/\/api.w.org\/{rel}","templated":true}]}}