{"id":4593,"date":"2025-05-26T11:01:45","date_gmt":"2025-05-26T11:01:45","guid":{"rendered":"https:\/\/orthodoxblessings.com\/shop\/knjiga-monah-kalist\/"},"modified":"2025-05-26T11:01:45","modified_gmt":"2025-05-26T11:01:45","slug":"knjiga-monah-kalist","status":"publish","type":"product","link":"https:\/\/orthodoxblessings.com\/sr\/shop\/knjiga-monah-kalist\/","title":{"rendered":"Knjiga Monah Kalist"},"content":{"rendered":"<p>Ova knjiga donosi duboke duhovne pouke monaha Kalista, ispunjene mudro\u0161\u0107u, mirom i istinskom verom, pru\u017eaju\u0107i \u010ditaocu sna\u017ean ose\u0107aj duhovnog vo\u0111enja.<\/p>\n","protected":false},"excerpt":{"rendered":"<p>Ova knjiga donosi duboke duhovne pouke monaha Kalista, ispunjene mudro\u0161\u0107u, mirom i istinskom verom, pru\u017eaju\u0107i \u010ditaocu sna\u017ean ose\u0107aj duhovnog vo\u0111enja.<\/p>\n","protected":false},"featured_media":3953,"template":"","meta":{"give_campaign_id":0},"product_brand":[],"product_cat":[323],"product_tag":[],"class_list":{"0":"post-4593","1":"product","2":"type-product","3":"status-publish","4":"has-post-thumbnail","6":"product_cat-pravoslavni-duhovni-vodici","8":"first","9":"instock","10":"purchasable","11":"product-type-simple"},"_links":{"self":[{"href":"https:\/\/orthodoxblessings.com\/sr\/wp-json\/wp\/v2\/product\/4593","targetHints":{"allow":["GET"]}}],"collection":[{"href":"https:\/\/orthodoxblessings.com\/sr\/wp-json\/wp\/v2\/product"}],"about":[{"href":"https:\/\/orthodoxblessings.com\/sr\/wp-json\/wp\/v2\/types\/product"}],"wp:featuredmedia":[{"embeddable":true,"href":"https:\/\/orthodoxblessings.com\/sr\/wp-json\/wp\/v2\/media\/3953"}],"wp:attachment":[{"href":"https:\/\/orthodoxblessings.com\/sr\/wp-json\/wp\/v2\/media?parent=4593"}],"wp:term":[{"taxonomy":"product_brand","embeddable":true,"href":"https:\/\/orthodoxblessings.com\/sr\/wp-json\/wp\/v2\/product_brand?post=4593"},{"taxonomy":"product_cat","embeddable":true,"href":"https:\/\/orthodoxblessings.com\/sr\/wp-json\/wp\/v2\/product_cat?post=4593"},{"taxonomy":"product_tag","embeddable":true,"href":"https:\/\/orthodoxblessings.com\/sr\/wp-json\/wp\/v2\/product_tag?post=4593"}],"curies":[{"name":"wp","href":"https:\/\/api.w.org\/{rel}","templated":true}]}}