{"id":4592,"date":"2025-05-26T11:01:45","date_gmt":"2025-05-26T11:01:45","guid":{"rendered":"https:\/\/orthodoxblessings.com\/shop\/psaltir-veliki-belo-crveni\/"},"modified":"2025-05-26T11:01:45","modified_gmt":"2025-05-26T11:01:45","slug":"psaltir-veliki-belo-crveni","status":"publish","type":"product","link":"https:\/\/orthodoxblessings.com\/sr\/shop\/psaltir-veliki-belo-crveni\/","title":{"rendered":"Psaltir veliki belo crveni"},"content":{"rendered":"<p>Veliki belo crveni psaltir je molitvena knjiga koja kombinuje lepotu i prakti\u010dnost, omogu\u0107avaju\u0107i vernicima da se potpuno posvete molitvi. Sa svojim veli\u010danstvenim izgledom, ova knjiga predstavlja dubok duhovni izvor koji vodi ka ve\u0107oj veri i blagoslovu Bo\u017ejem.<\/p>\n","protected":false},"excerpt":{"rendered":"<p>Veliki belo crveni psaltir je molitvena knjiga koja kombinuje lepotu i prakti\u010dnost, omogu\u0107avaju\u0107i vernicima da se potpuno posvete molitvi. Sa svojim veli\u010danstvenim izgledom, ova knjiga predstavlja dubok duhovni izvor koji vodi ka ve\u0107oj veri i blagoslovu Bo\u017ejem.<\/p>\n","protected":false},"featured_media":3951,"template":"","meta":{"give_campaign_id":0},"product_brand":[],"product_cat":[325],"product_tag":[],"class_list":{"0":"post-4592","1":"product","2":"type-product","3":"status-publish","4":"has-post-thumbnail","6":"product_cat-molitve-za-svaki-dan","8":"first","9":"instock","10":"purchasable","11":"product-type-simple"},"_links":{"self":[{"href":"https:\/\/orthodoxblessings.com\/sr\/wp-json\/wp\/v2\/product\/4592","targetHints":{"allow":["GET"]}}],"collection":[{"href":"https:\/\/orthodoxblessings.com\/sr\/wp-json\/wp\/v2\/product"}],"about":[{"href":"https:\/\/orthodoxblessings.com\/sr\/wp-json\/wp\/v2\/types\/product"}],"wp:featuredmedia":[{"embeddable":true,"href":"https:\/\/orthodoxblessings.com\/sr\/wp-json\/wp\/v2\/media\/3951"}],"wp:attachment":[{"href":"https:\/\/orthodoxblessings.com\/sr\/wp-json\/wp\/v2\/media?parent=4592"}],"wp:term":[{"taxonomy":"product_brand","embeddable":true,"href":"https:\/\/orthodoxblessings.com\/sr\/wp-json\/wp\/v2\/product_brand?post=4592"},{"taxonomy":"product_cat","embeddable":true,"href":"https:\/\/orthodoxblessings.com\/sr\/wp-json\/wp\/v2\/product_cat?post=4592"},{"taxonomy":"product_tag","embeddable":true,"href":"https:\/\/orthodoxblessings.com\/sr\/wp-json\/wp\/v2\/product_tag?post=4592"}],"curies":[{"name":"wp","href":"https:\/\/api.w.org\/{rel}","templated":true}]}}