{"id":4591,"date":"2025-05-26T11:01:45","date_gmt":"2025-05-26T11:01:45","guid":{"rendered":"https:\/\/orthodoxblessings.com\/shop\/psaltir-veliki-bez\/"},"modified":"2025-05-26T11:01:45","modified_gmt":"2025-05-26T11:01:45","slug":"psaltir-veliki-bez","status":"publish","type":"product","link":"https:\/\/orthodoxblessings.com\/sr\/shop\/psaltir-veliki-bez\/","title":{"rendered":"Psaltir veliki be\u017e"},"content":{"rendered":"<p>Veliki be\u017e psaltir je knjiga koja sadr\u017ei sve va\u017ene molitve i psalme, idealna za duboko duhovno razmatranje. Njen veliki format omogu\u0107ava lak\u0161e \u010ditanje i molitvu, a njen izgled dodaje dodatnu sve\u0161tenost i atmosferu ti\u0161ine i molitve.<\/p>\n","protected":false},"excerpt":{"rendered":"<p>Veliki be\u017e psaltir je knjiga koja sadr\u017ei sve va\u017ene molitve i psalme, idealna za duboko duhovno razmatranje. Njen veliki format omogu\u0107ava lak\u0161e \u010ditanje i molitvu, a njen izgled dodaje dodatnu sve\u0161tenost i atmosferu ti\u0161ine i molitve.<\/p>\n","protected":false},"featured_media":3949,"template":"","meta":{"give_campaign_id":0},"product_brand":[],"product_cat":[325],"product_tag":[],"class_list":{"0":"post-4591","1":"product","2":"type-product","3":"status-publish","4":"has-post-thumbnail","6":"product_cat-molitve-za-svaki-dan","8":"first","9":"instock","10":"purchasable","11":"product-type-simple"},"_links":{"self":[{"href":"https:\/\/orthodoxblessings.com\/sr\/wp-json\/wp\/v2\/product\/4591","targetHints":{"allow":["GET"]}}],"collection":[{"href":"https:\/\/orthodoxblessings.com\/sr\/wp-json\/wp\/v2\/product"}],"about":[{"href":"https:\/\/orthodoxblessings.com\/sr\/wp-json\/wp\/v2\/types\/product"}],"wp:featuredmedia":[{"embeddable":true,"href":"https:\/\/orthodoxblessings.com\/sr\/wp-json\/wp\/v2\/media\/3949"}],"wp:attachment":[{"href":"https:\/\/orthodoxblessings.com\/sr\/wp-json\/wp\/v2\/media?parent=4591"}],"wp:term":[{"taxonomy":"product_brand","embeddable":true,"href":"https:\/\/orthodoxblessings.com\/sr\/wp-json\/wp\/v2\/product_brand?post=4591"},{"taxonomy":"product_cat","embeddable":true,"href":"https:\/\/orthodoxblessings.com\/sr\/wp-json\/wp\/v2\/product_cat?post=4591"},{"taxonomy":"product_tag","embeddable":true,"href":"https:\/\/orthodoxblessings.com\/sr\/wp-json\/wp\/v2\/product_tag?post=4591"}],"curies":[{"name":"wp","href":"https:\/\/api.w.org\/{rel}","templated":true}]}}