{"id":4589,"date":"2025-05-26T11:01:45","date_gmt":"2025-05-26T11:01:45","guid":{"rendered":"https:\/\/orthodoxblessings.com\/shop\/psaltir-presvetoj-bogorodici-duhovni-lug\/"},"modified":"2025-05-26T11:01:45","modified_gmt":"2025-05-26T11:01:45","slug":"psaltir-presvetoj-bogorodici-duhovni-lug","status":"publish","type":"product","link":"https:\/\/orthodoxblessings.com\/sr\/shop\/psaltir-presvetoj-bogorodici-duhovni-lug\/","title":{"rendered":"Psaltir Presvetoj Bogorodici &#8211; Duhovni lug"},"content":{"rendered":"<p>Psaltir &#8222;Duhovni Lug&#8220; je posebna knjiga molitvi, koja je posve\u0107ena Presvetoj Bogorodici. Ova knjiga je izvor duhovne utehe i vodi vernike kroz molitve i psalme, koji ja\u010daju veru i pribli\u017eavaju \u010doveka Bogu, uz pomo\u0107 Majke Bo\u017eje.<\/p>\n","protected":false},"excerpt":{"rendered":"<p>Psaltir &#8222;Duhovni Lug&#8220; je posebna knjiga molitvi, koja je posve\u0107ena Presvetoj Bogorodici. Ova knjiga je izvor duhovne utehe i vodi vernike kroz molitve i psalme, koji ja\u010daju veru i pribli\u017eavaju \u010doveka Bogu, uz pomo\u0107 Majke Bo\u017eje.<\/p>\n","protected":false},"featured_media":3945,"template":"","meta":{"give_campaign_id":0},"product_brand":[],"product_cat":[325],"product_tag":[],"class_list":{"0":"post-4589","1":"product","2":"type-product","3":"status-publish","4":"has-post-thumbnail","6":"product_cat-molitve-za-svaki-dan","8":"first","9":"instock","10":"purchasable","11":"product-type-simple"},"_links":{"self":[{"href":"https:\/\/orthodoxblessings.com\/sr\/wp-json\/wp\/v2\/product\/4589","targetHints":{"allow":["GET"]}}],"collection":[{"href":"https:\/\/orthodoxblessings.com\/sr\/wp-json\/wp\/v2\/product"}],"about":[{"href":"https:\/\/orthodoxblessings.com\/sr\/wp-json\/wp\/v2\/types\/product"}],"wp:featuredmedia":[{"embeddable":true,"href":"https:\/\/orthodoxblessings.com\/sr\/wp-json\/wp\/v2\/media\/3945"}],"wp:attachment":[{"href":"https:\/\/orthodoxblessings.com\/sr\/wp-json\/wp\/v2\/media?parent=4589"}],"wp:term":[{"taxonomy":"product_brand","embeddable":true,"href":"https:\/\/orthodoxblessings.com\/sr\/wp-json\/wp\/v2\/product_brand?post=4589"},{"taxonomy":"product_cat","embeddable":true,"href":"https:\/\/orthodoxblessings.com\/sr\/wp-json\/wp\/v2\/product_cat?post=4589"},{"taxonomy":"product_tag","embeddable":true,"href":"https:\/\/orthodoxblessings.com\/sr\/wp-json\/wp\/v2\/product_tag?post=4589"}],"curies":[{"name":"wp","href":"https:\/\/api.w.org\/{rel}","templated":true}]}}