{"id":4588,"date":"2025-05-26T11:01:45","date_gmt":"2025-05-26T11:01:45","guid":{"rendered":"https:\/\/orthodoxblessings.com\/shop\/fitilji-za-kandila-u-kesici\/"},"modified":"2025-05-26T11:01:45","modified_gmt":"2025-05-26T11:01:45","slug":"fitilji-za-kandila-u-kesici","status":"publish","type":"product","link":"https:\/\/orthodoxblessings.com\/sr\/shop\/fitilji-za-kandila-u-kesici\/","title":{"rendered":"Fitilji za kandila u kesici"},"content":{"rendered":"<p>Prakti\u010dno pakovanje fitilja za kandila u kesici, pogodno za \u010duvanje i upotrebu u svakom domu. Osiguravaju \u010disto i ravnomerno gorenje kandila.<\/p>\n","protected":false},"excerpt":{"rendered":"<p>Prakti\u010dno pakovanje fitilja za kandila u kesici, pogodno za \u010duvanje i upotrebu u svakom domu. Osiguravaju \u010disto i ravnomerno gorenje kandila.<\/p>\n","protected":false},"featured_media":3943,"template":"","meta":{"give_campaign_id":0},"product_brand":[],"product_cat":[320],"product_tag":[],"class_list":{"0":"post-4588","1":"product","2":"type-product","3":"status-publish","4":"has-post-thumbnail","6":"product_cat-fitilji-i-ulja-za-kandila","8":"first","9":"instock","10":"purchasable","11":"product-type-simple"},"_links":{"self":[{"href":"https:\/\/orthodoxblessings.com\/sr\/wp-json\/wp\/v2\/product\/4588","targetHints":{"allow":["GET"]}}],"collection":[{"href":"https:\/\/orthodoxblessings.com\/sr\/wp-json\/wp\/v2\/product"}],"about":[{"href":"https:\/\/orthodoxblessings.com\/sr\/wp-json\/wp\/v2\/types\/product"}],"wp:featuredmedia":[{"embeddable":true,"href":"https:\/\/orthodoxblessings.com\/sr\/wp-json\/wp\/v2\/media\/3943"}],"wp:attachment":[{"href":"https:\/\/orthodoxblessings.com\/sr\/wp-json\/wp\/v2\/media?parent=4588"}],"wp:term":[{"taxonomy":"product_brand","embeddable":true,"href":"https:\/\/orthodoxblessings.com\/sr\/wp-json\/wp\/v2\/product_brand?post=4588"},{"taxonomy":"product_cat","embeddable":true,"href":"https:\/\/orthodoxblessings.com\/sr\/wp-json\/wp\/v2\/product_cat?post=4588"},{"taxonomy":"product_tag","embeddable":true,"href":"https:\/\/orthodoxblessings.com\/sr\/wp-json\/wp\/v2\/product_tag?post=4588"}],"curies":[{"name":"wp","href":"https:\/\/api.w.org\/{rel}","templated":true}]}}