{"id":4587,"date":"2025-05-26T11:01:45","date_gmt":"2025-05-26T11:01:45","guid":{"rendered":"https:\/\/orthodoxblessings.com\/shop\/set-briket-fitilj-i-tamjan\/"},"modified":"2025-05-26T11:01:45","modified_gmt":"2025-05-26T11:01:45","slug":"set-briket-fitilj-i-tamjan","status":"publish","type":"product","link":"https:\/\/orthodoxblessings.com\/sr\/shop\/set-briket-fitilj-i-tamjan\/","title":{"rendered":"Set briket, fitilj i tamjan"},"content":{"rendered":"<p>Kompletan set za molitvene obrede koji sadr\u017ei brikete za kadionicu, fitilj za kandilo i mirisni tamjan. Sve \u0161to vam je potrebno za odr\u017eavanje tradicije i duhovne atmosfere.<\/p>\n","protected":false},"excerpt":{"rendered":"<p>Kompletan set za molitvene obrede koji sadr\u017ei brikete za kadionicu, fitilj za kandilo i mirisni tamjan. Sve \u0161to vam je potrebno za odr\u017eavanje tradicije i duhovne atmosfere.<\/p>\n","protected":false},"featured_media":7873,"template":"","meta":{"give_campaign_id":0},"product_brand":[],"product_cat":[332],"product_tag":[],"class_list":{"0":"post-4587","1":"product","2":"type-product","3":"status-publish","4":"has-post-thumbnail","6":"product_cat-setovi-za-slavu","8":"first","9":"instock","10":"purchasable","11":"product-type-simple"},"_links":{"self":[{"href":"https:\/\/orthodoxblessings.com\/sr\/wp-json\/wp\/v2\/product\/4587","targetHints":{"allow":["GET"]}}],"collection":[{"href":"https:\/\/orthodoxblessings.com\/sr\/wp-json\/wp\/v2\/product"}],"about":[{"href":"https:\/\/orthodoxblessings.com\/sr\/wp-json\/wp\/v2\/types\/product"}],"wp:featuredmedia":[{"embeddable":true,"href":"https:\/\/orthodoxblessings.com\/sr\/wp-json\/wp\/v2\/media\/7873"}],"wp:attachment":[{"href":"https:\/\/orthodoxblessings.com\/sr\/wp-json\/wp\/v2\/media?parent=4587"}],"wp:term":[{"taxonomy":"product_brand","embeddable":true,"href":"https:\/\/orthodoxblessings.com\/sr\/wp-json\/wp\/v2\/product_brand?post=4587"},{"taxonomy":"product_cat","embeddable":true,"href":"https:\/\/orthodoxblessings.com\/sr\/wp-json\/wp\/v2\/product_cat?post=4587"},{"taxonomy":"product_tag","embeddable":true,"href":"https:\/\/orthodoxblessings.com\/sr\/wp-json\/wp\/v2\/product_tag?post=4587"}],"curies":[{"name":"wp","href":"https:\/\/api.w.org\/{rel}","templated":true}]}}