{"id":4583,"date":"2025-05-26T11:01:45","date_gmt":"2025-05-26T11:01:45","guid":{"rendered":"https:\/\/orthodoxblessings.com\/shop\/zidni-kalendari\/"},"modified":"2025-05-26T11:01:45","modified_gmt":"2025-05-26T11:01:45","slug":"zidni-kalendari","status":"publish","type":"product","link":"https:\/\/orthodoxblessings.com\/sr\/shop\/zidni-kalendari\/","title":{"rendered":"Zidni kalendari"},"content":{"rendered":"<p>Luksuzni zidni kalendari ukra\u0161eni pravoslavnim ikonama i svetim datumima. Pogodni za domove i kancelarije, pru\u017eaju\u0107i vizuelnu lepotu i duhovnu orijentaciju tokom cele godine.<\/p>\n","protected":false},"excerpt":{"rendered":"<p>Luksuzni zidni kalendari ukra\u0161eni pravoslavnim ikonama i svetim datumima. Pogodni za domove i kancelarije, pru\u017eaju\u0107i vizuelnu lepotu i duhovnu orijentaciju tokom cele godine.<\/p>\n","protected":false},"featured_media":7943,"template":"","meta":{"give_campaign_id":0},"product_brand":[],"product_cat":[330],"product_tag":[],"class_list":{"0":"post-4583","1":"product","2":"type-product","3":"status-publish","4":"has-post-thumbnail","6":"product_cat-zidni-kalendari","8":"first","9":"instock","10":"purchasable","11":"product-type-simple"},"_links":{"self":[{"href":"https:\/\/orthodoxblessings.com\/sr\/wp-json\/wp\/v2\/product\/4583","targetHints":{"allow":["GET"]}}],"collection":[{"href":"https:\/\/orthodoxblessings.com\/sr\/wp-json\/wp\/v2\/product"}],"about":[{"href":"https:\/\/orthodoxblessings.com\/sr\/wp-json\/wp\/v2\/types\/product"}],"wp:featuredmedia":[{"embeddable":true,"href":"https:\/\/orthodoxblessings.com\/sr\/wp-json\/wp\/v2\/media\/7943"}],"wp:attachment":[{"href":"https:\/\/orthodoxblessings.com\/sr\/wp-json\/wp\/v2\/media?parent=4583"}],"wp:term":[{"taxonomy":"product_brand","embeddable":true,"href":"https:\/\/orthodoxblessings.com\/sr\/wp-json\/wp\/v2\/product_brand?post=4583"},{"taxonomy":"product_cat","embeddable":true,"href":"https:\/\/orthodoxblessings.com\/sr\/wp-json\/wp\/v2\/product_cat?post=4583"},{"taxonomy":"product_tag","embeddable":true,"href":"https:\/\/orthodoxblessings.com\/sr\/wp-json\/wp\/v2\/product_tag?post=4583"}],"curies":[{"name":"wp","href":"https:\/\/api.w.org\/{rel}","templated":true}]}}