{"id":4582,"date":"2025-05-26T11:01:45","date_gmt":"2025-05-26T11:01:45","guid":{"rendered":"https:\/\/orthodoxblessings.com\/shop\/sveta-vodica\/"},"modified":"2025-05-26T11:01:45","modified_gmt":"2025-05-26T11:01:45","slug":"sveta-vodica","status":"publish","type":"product","link":"https:\/\/orthodoxblessings.com\/sr\/shop\/sveta-vodica\/","title":{"rendered":"Sveta vodica"},"content":{"rendered":"<p>Osve\u0161tana sveta vodica, doneta iz svetih mesta, nosi blagoslov i duhovnu snagu. Koristi se u molitvama, osve\u0161tavanju doma i za\u0161titi od zlih sila. <\/p>\n","protected":false},"excerpt":{"rendered":"<p>Osve\u0161tana sveta vodica, doneta iz svetih mesta, nosi blagoslov i duhovnu snagu. Koristi se u molitvama, osve\u0161tavanju doma i za\u0161titi od zlih sila.<\/p>\n","protected":false},"featured_media":3921,"template":"","meta":{"give_campaign_id":0},"product_brand":[],"product_cat":[329],"product_tag":[],"class_list":{"0":"post-4582","1":"product","2":"type-product","3":"status-publish","4":"has-post-thumbnail","6":"product_cat-flasirana-sveta-vodica","8":"first","9":"instock","10":"purchasable","11":"product-type-simple"},"_links":{"self":[{"href":"https:\/\/orthodoxblessings.com\/sr\/wp-json\/wp\/v2\/product\/4582","targetHints":{"allow":["GET"]}}],"collection":[{"href":"https:\/\/orthodoxblessings.com\/sr\/wp-json\/wp\/v2\/product"}],"about":[{"href":"https:\/\/orthodoxblessings.com\/sr\/wp-json\/wp\/v2\/types\/product"}],"wp:featuredmedia":[{"embeddable":true,"href":"https:\/\/orthodoxblessings.com\/sr\/wp-json\/wp\/v2\/media\/3921"}],"wp:attachment":[{"href":"https:\/\/orthodoxblessings.com\/sr\/wp-json\/wp\/v2\/media?parent=4582"}],"wp:term":[{"taxonomy":"product_brand","embeddable":true,"href":"https:\/\/orthodoxblessings.com\/sr\/wp-json\/wp\/v2\/product_brand?post=4582"},{"taxonomy":"product_cat","embeddable":true,"href":"https:\/\/orthodoxblessings.com\/sr\/wp-json\/wp\/v2\/product_cat?post=4582"},{"taxonomy":"product_tag","embeddable":true,"href":"https:\/\/orthodoxblessings.com\/sr\/wp-json\/wp\/v2\/product_tag?post=4582"}],"curies":[{"name":"wp","href":"https:\/\/api.w.org\/{rel}","templated":true}]}}