{"id":4579,"date":"2025-05-26T11:01:45","date_gmt":"2025-05-26T11:01:45","guid":{"rendered":"https:\/\/orthodoxblessings.com\/shop\/ikona-sv-nikola-cudotvorac\/"},"modified":"2025-05-26T11:01:45","modified_gmt":"2025-05-26T11:01:45","slug":"ikona-sv-nikola-cudotvorac","status":"publish","type":"product","link":"https:\/\/orthodoxblessings.com\/sr\/shop\/ikona-sv-nikola-cudotvorac\/","title":{"rendered":"Ikona Sv. Nikola \u010cudotvorac"},"content":{"rendered":"<p>Ova ikona prikazuje Sv. Nikolu kao \u010dudotvorca, koji svojim molitvama i posredovanjem kod Boga \u010dini \u010duda. Ikona predstavlja dobrotu, milosr\u0111e i za\u0161titu koju Sv. Nikola pru\u017ea svima koji mu se obrate za pomo\u0107 i savet.<\/p>\n","protected":false},"excerpt":{"rendered":"<p>Ova ikona prikazuje Sv. Nikolu kao \u010dudotvorca, koji svojim molitvama i posredovanjem kod Boga \u010dini \u010duda. Ikona predstavlja dobrotu, milosr\u0111e i za\u0161titu koju Sv. Nikola pru\u017ea svima koji mu se obrate za pomo\u0107 i savet.<\/p>\n","protected":false},"featured_media":0,"template":"","meta":{"give_campaign_id":0},"product_brand":[],"product_cat":[314],"product_tag":[],"class_list":{"0":"post-4579","1":"product","2":"type-product","3":"status-publish","5":"product_cat-ikone-u-staklenim-ramovima","7":"first","8":"instock","9":"purchasable","10":"product-type-simple"},"_links":{"self":[{"href":"https:\/\/orthodoxblessings.com\/sr\/wp-json\/wp\/v2\/product\/4579","targetHints":{"allow":["GET"]}}],"collection":[{"href":"https:\/\/orthodoxblessings.com\/sr\/wp-json\/wp\/v2\/product"}],"about":[{"href":"https:\/\/orthodoxblessings.com\/sr\/wp-json\/wp\/v2\/types\/product"}],"wp:attachment":[{"href":"https:\/\/orthodoxblessings.com\/sr\/wp-json\/wp\/v2\/media?parent=4579"}],"wp:term":[{"taxonomy":"product_brand","embeddable":true,"href":"https:\/\/orthodoxblessings.com\/sr\/wp-json\/wp\/v2\/product_brand?post=4579"},{"taxonomy":"product_cat","embeddable":true,"href":"https:\/\/orthodoxblessings.com\/sr\/wp-json\/wp\/v2\/product_cat?post=4579"},{"taxonomy":"product_tag","embeddable":true,"href":"https:\/\/orthodoxblessings.com\/sr\/wp-json\/wp\/v2\/product_tag?post=4579"}],"curies":[{"name":"wp","href":"https:\/\/api.w.org\/{rel}","templated":true}]}}