{"id":4578,"date":"2025-05-26T11:01:45","date_gmt":"2025-05-26T11:01:45","guid":{"rendered":"https:\/\/orthodoxblessings.com\/shop\/ikona-sv-nikola\/"},"modified":"2025-05-26T11:01:45","modified_gmt":"2025-05-26T11:01:45","slug":"ikona-sv-nikola","status":"publish","type":"product","link":"https:\/\/orthodoxblessings.com\/sr\/shop\/ikona-sv-nikola\/","title":{"rendered":"Ikona Sv. Nikola"},"content":{"rendered":"<p>Ikona Svetog Nikole, jednog od najpouzdanijih svetitelja, poznata je po tome \u0161to predstavlja velikog \u010dudotvorca, za\u0161titnika moreplovaca, siroma\u0161nih i dece. Sv. Nikola je uzor dobrote i milosr\u0111a, i ova ikona podse\u0107a vernike na njegovu ljubav prema svima.<\/p>\n","protected":false},"excerpt":{"rendered":"<p>Ikona Svetog Nikole, jednog od najpouzdanijih svetitelja, poznata je po tome \u0161to predstavlja velikog \u010dudotvorca, za\u0161titnika moreplovaca, siroma\u0161nih i dece. Sv. Nikola je uzor dobrote i milosr\u0111a, i ova ikona podse\u0107a vernike na njegovu ljubav prema svima.<\/p>\n","protected":false},"featured_media":7709,"template":"","meta":{"give_campaign_id":0},"product_brand":[],"product_cat":[314],"product_tag":[],"class_list":{"0":"post-4578","1":"product","2":"type-product","3":"status-publish","4":"has-post-thumbnail","6":"product_cat-ikone-u-staklenim-ramovima","8":"first","9":"outofstock","10":"purchasable","11":"product-type-simple"},"_links":{"self":[{"href":"https:\/\/orthodoxblessings.com\/sr\/wp-json\/wp\/v2\/product\/4578","targetHints":{"allow":["GET"]}}],"collection":[{"href":"https:\/\/orthodoxblessings.com\/sr\/wp-json\/wp\/v2\/product"}],"about":[{"href":"https:\/\/orthodoxblessings.com\/sr\/wp-json\/wp\/v2\/types\/product"}],"wp:featuredmedia":[{"embeddable":true,"href":"https:\/\/orthodoxblessings.com\/sr\/wp-json\/wp\/v2\/media\/7709"}],"wp:attachment":[{"href":"https:\/\/orthodoxblessings.com\/sr\/wp-json\/wp\/v2\/media?parent=4578"}],"wp:term":[{"taxonomy":"product_brand","embeddable":true,"href":"https:\/\/orthodoxblessings.com\/sr\/wp-json\/wp\/v2\/product_brand?post=4578"},{"taxonomy":"product_cat","embeddable":true,"href":"https:\/\/orthodoxblessings.com\/sr\/wp-json\/wp\/v2\/product_cat?post=4578"},{"taxonomy":"product_tag","embeddable":true,"href":"https:\/\/orthodoxblessings.com\/sr\/wp-json\/wp\/v2\/product_tag?post=4578"}],"curies":[{"name":"wp","href":"https:\/\/api.w.org\/{rel}","templated":true}]}}