{"id":4568,"date":"2025-05-26T11:01:56","date_gmt":"2025-05-26T11:01:56","guid":{"rendered":"https:\/\/orthodoxblessings.com\/shop\/srpski-jezik-za-treci-razred-osnovne-skole\/"},"modified":"2025-05-26T11:01:56","modified_gmt":"2025-05-26T11:01:56","slug":"srpski-jezik-za-treci-razred-osnovne-skole","status":"publish","type":"product","link":"https:\/\/orthodoxblessings.com\/sr\/shop\/srpski-jezik-za-treci-razred-osnovne-skole\/","title":{"rendered":"Srpski jezik za tre\u0107i razred osnovne \u0161kole"},"content":{"rendered":"<p>Ud\u017ebenik srpskog jezika namenjen u\u010denicima tre\u0107eg razreda, sa obja\u0161njenjima i zadacima za lak\u0161e u\u010denje.<\/p>\n","protected":false},"excerpt":{"rendered":"<p>Ud\u017ebenik srpskog jezika namenjen u\u010denicima tre\u0107eg razreda, sa obja\u0161njenjima i zadacima za lak\u0161e u\u010denje.<\/p>\n","protected":false},"featured_media":3987,"template":"","meta":{"give_campaign_id":0},"product_brand":[],"product_cat":[317],"product_tag":[],"class_list":{"0":"post-4568","1":"product","2":"type-product","3":"status-publish","4":"has-post-thumbnail","6":"product_cat-decije-knjige","8":"first","9":"instock","10":"purchasable","11":"product-type-simple"},"_links":{"self":[{"href":"https:\/\/orthodoxblessings.com\/sr\/wp-json\/wp\/v2\/product\/4568","targetHints":{"allow":["GET"]}}],"collection":[{"href":"https:\/\/orthodoxblessings.com\/sr\/wp-json\/wp\/v2\/product"}],"about":[{"href":"https:\/\/orthodoxblessings.com\/sr\/wp-json\/wp\/v2\/types\/product"}],"wp:featuredmedia":[{"embeddable":true,"href":"https:\/\/orthodoxblessings.com\/sr\/wp-json\/wp\/v2\/media\/3987"}],"wp:attachment":[{"href":"https:\/\/orthodoxblessings.com\/sr\/wp-json\/wp\/v2\/media?parent=4568"}],"wp:term":[{"taxonomy":"product_brand","embeddable":true,"href":"https:\/\/orthodoxblessings.com\/sr\/wp-json\/wp\/v2\/product_brand?post=4568"},{"taxonomy":"product_cat","embeddable":true,"href":"https:\/\/orthodoxblessings.com\/sr\/wp-json\/wp\/v2\/product_cat?post=4568"},{"taxonomy":"product_tag","embeddable":true,"href":"https:\/\/orthodoxblessings.com\/sr\/wp-json\/wp\/v2\/product_tag?post=4568"}],"curies":[{"name":"wp","href":"https:\/\/api.w.org\/{rel}","templated":true}]}}