{"id":4566,"date":"2025-05-26T11:01:56","date_gmt":"2025-05-26T11:01:56","guid":{"rendered":"https:\/\/orthodoxblessings.com\/shop\/deca-citaju-bibliju\/"},"modified":"2025-05-26T11:01:56","modified_gmt":"2025-05-26T11:01:56","slug":"deca-citaju-bibliju","status":"publish","type":"product","link":"https:\/\/orthodoxblessings.com\/sr\/shop\/deca-citaju-bibliju\/","title":{"rendered":"Deca \u010ditaju bibliju"},"content":{"rendered":"<p>Posebno izdanje Svetog pisma prilago\u0111eno deci, sa ilustracijama i jednostavnim obja\u0161njenjima biblijskih pri\u010da.<\/p>\n","protected":false},"excerpt":{"rendered":"<p>Posebno izdanje Svetog pisma prilago\u0111eno deci, sa ilustracijama i jednostavnim obja\u0161njenjima biblijskih pri\u010da.<\/p>\n","protected":false},"featured_media":3983,"template":"","meta":{"give_campaign_id":0},"product_brand":[],"product_cat":[317],"product_tag":[],"class_list":{"0":"post-4566","1":"product","2":"type-product","3":"status-publish","4":"has-post-thumbnail","6":"product_cat-decije-knjige","8":"first","9":"outofstock","10":"purchasable","11":"product-type-simple"},"_links":{"self":[{"href":"https:\/\/orthodoxblessings.com\/sr\/wp-json\/wp\/v2\/product\/4566","targetHints":{"allow":["GET"]}}],"collection":[{"href":"https:\/\/orthodoxblessings.com\/sr\/wp-json\/wp\/v2\/product"}],"about":[{"href":"https:\/\/orthodoxblessings.com\/sr\/wp-json\/wp\/v2\/types\/product"}],"wp:featuredmedia":[{"embeddable":true,"href":"https:\/\/orthodoxblessings.com\/sr\/wp-json\/wp\/v2\/media\/3983"}],"wp:attachment":[{"href":"https:\/\/orthodoxblessings.com\/sr\/wp-json\/wp\/v2\/media?parent=4566"}],"wp:term":[{"taxonomy":"product_brand","embeddable":true,"href":"https:\/\/orthodoxblessings.com\/sr\/wp-json\/wp\/v2\/product_brand?post=4566"},{"taxonomy":"product_cat","embeddable":true,"href":"https:\/\/orthodoxblessings.com\/sr\/wp-json\/wp\/v2\/product_cat?post=4566"},{"taxonomy":"product_tag","embeddable":true,"href":"https:\/\/orthodoxblessings.com\/sr\/wp-json\/wp\/v2\/product_tag?post=4566"}],"curies":[{"name":"wp","href":"https:\/\/api.w.org\/{rel}","templated":true}]}}