{"id":4564,"date":"2025-05-26T11:01:56","date_gmt":"2025-05-26T11:01:56","guid":{"rendered":"https:\/\/orthodoxblessings.com\/shop\/cuda-svetog-save\/"},"modified":"2025-09-06T07:35:12","modified_gmt":"2025-09-06T07:35:12","slug":"cuda-svetog-save","status":"publish","type":"product","link":"https:\/\/orthodoxblessings.com\/sr\/shop\/cuda-svetog-save\/","title":{"rendered":"\u010cuda Svetog Save"},"content":{"rendered":"<p>Knjiga koja prikazuje brojna \u010dudesna dela Svetog Save i njegov nepresu\u0161ni uticaj na pravoslavnu duhovnost.<\/p>\n","protected":false},"excerpt":{"rendered":"<p>Knjiga koja prikazuje brojna \u010dudesna dela Svetog Save i njegov nepresu\u0161ni uticaj na pravoslavnu duhovnost.<\/p>\n","protected":false},"featured_media":0,"template":"","meta":{"give_campaign_id":0},"product_brand":[],"product_cat":[326],"product_tag":[],"class_list":{"0":"post-4564","1":"product","2":"type-product","3":"status-publish","5":"product_cat-zitija-svetitelja","7":"first","8":"outofstock","9":"purchasable","10":"product-type-simple"},"_links":{"self":[{"href":"https:\/\/orthodoxblessings.com\/sr\/wp-json\/wp\/v2\/product\/4564","targetHints":{"allow":["GET"]}}],"collection":[{"href":"https:\/\/orthodoxblessings.com\/sr\/wp-json\/wp\/v2\/product"}],"about":[{"href":"https:\/\/orthodoxblessings.com\/sr\/wp-json\/wp\/v2\/types\/product"}],"wp:attachment":[{"href":"https:\/\/orthodoxblessings.com\/sr\/wp-json\/wp\/v2\/media?parent=4564"}],"wp:term":[{"taxonomy":"product_brand","embeddable":true,"href":"https:\/\/orthodoxblessings.com\/sr\/wp-json\/wp\/v2\/product_brand?post=4564"},{"taxonomy":"product_cat","embeddable":true,"href":"https:\/\/orthodoxblessings.com\/sr\/wp-json\/wp\/v2\/product_cat?post=4564"},{"taxonomy":"product_tag","embeddable":true,"href":"https:\/\/orthodoxblessings.com\/sr\/wp-json\/wp\/v2\/product_tag?post=4564"}],"curies":[{"name":"wp","href":"https:\/\/api.w.org\/{rel}","templated":true}]}}