{"id":4559,"date":"2025-05-26T11:01:56","date_gmt":"2025-05-26T11:01:56","guid":{"rendered":"https:\/\/orthodoxblessings.com\/shop\/deciji-starecnik\/"},"modified":"2025-05-26T11:01:56","modified_gmt":"2025-05-26T11:01:56","slug":"deciji-starecnik","status":"publish","type":"product","link":"https:\/\/orthodoxblessings.com\/sr\/shop\/deciji-starecnik\/","title":{"rendered":"De\u010diji stare\u010dnik"},"content":{"rendered":"<p>Posebno prilago\u0111ena knjiga za najmla\u0111e, pru\u017eaju\u0107i im jednostavna, ali duboka u\u010denja o veri, dobroti i poslu\u0161nosti.<\/p>\n","protected":false},"excerpt":{"rendered":"<p>Posebno prilago\u0111ena knjiga za najmla\u0111e, pru\u017eaju\u0107i im jednostavna, ali duboka u\u010denja o veri, dobroti i poslu\u0161nosti.<\/p>\n","protected":false},"featured_media":3969,"template":"","meta":{"give_campaign_id":0},"product_brand":[],"product_cat":[323],"product_tag":[],"class_list":{"0":"post-4559","1":"product","2":"type-product","3":"status-publish","4":"has-post-thumbnail","6":"product_cat-pravoslavni-duhovni-vodici","8":"first","9":"instock","10":"purchasable","11":"product-type-simple"},"_links":{"self":[{"href":"https:\/\/orthodoxblessings.com\/sr\/wp-json\/wp\/v2\/product\/4559","targetHints":{"allow":["GET"]}}],"collection":[{"href":"https:\/\/orthodoxblessings.com\/sr\/wp-json\/wp\/v2\/product"}],"about":[{"href":"https:\/\/orthodoxblessings.com\/sr\/wp-json\/wp\/v2\/types\/product"}],"wp:featuredmedia":[{"embeddable":true,"href":"https:\/\/orthodoxblessings.com\/sr\/wp-json\/wp\/v2\/media\/3969"}],"wp:attachment":[{"href":"https:\/\/orthodoxblessings.com\/sr\/wp-json\/wp\/v2\/media?parent=4559"}],"wp:term":[{"taxonomy":"product_brand","embeddable":true,"href":"https:\/\/orthodoxblessings.com\/sr\/wp-json\/wp\/v2\/product_brand?post=4559"},{"taxonomy":"product_cat","embeddable":true,"href":"https:\/\/orthodoxblessings.com\/sr\/wp-json\/wp\/v2\/product_cat?post=4559"},{"taxonomy":"product_tag","embeddable":true,"href":"https:\/\/orthodoxblessings.com\/sr\/wp-json\/wp\/v2\/product_tag?post=4559"}],"curies":[{"name":"wp","href":"https:\/\/api.w.org\/{rel}","templated":true}]}}