{"id":4557,"date":"2025-05-26T11:01:56","date_gmt":"2025-05-26T11:01:56","guid":{"rendered":"https:\/\/orthodoxblessings.com\/shop\/upoznaj-bogosluzenje-pravoslavne-crkve\/"},"modified":"2025-05-26T11:01:56","modified_gmt":"2025-05-26T11:01:56","slug":"upoznaj-bogosluzenje-pravoslavne-crkve","status":"publish","type":"product","link":"https:\/\/orthodoxblessings.com\/sr\/shop\/upoznaj-bogosluzenje-pravoslavne-crkve\/","title":{"rendered":"Upoznaj bogoslu\u017eenje pravoslavne crkve"},"content":{"rendered":"<p>Knjiga koja detaljno obja\u0161njava pravoslavna bogoslu\u017eenja, njihovu simboliku i zna\u010daj u duhovnom \u017eivotu vernika.<\/p>\n","protected":false},"excerpt":{"rendered":"<p>Knjiga koja detaljno obja\u0161njava pravoslavna bogoslu\u017eenja, njihovu simboliku i zna\u010daj u duhovnom \u017eivotu vernika.<\/p>\n","protected":false},"featured_media":3967,"template":"","meta":{"give_campaign_id":0},"product_brand":[],"product_cat":[323],"product_tag":[],"class_list":{"0":"post-4557","1":"product","2":"type-product","3":"status-publish","4":"has-post-thumbnail","6":"product_cat-pravoslavni-duhovni-vodici","8":"first","9":"instock","10":"purchasable","11":"product-type-simple"},"_links":{"self":[{"href":"https:\/\/orthodoxblessings.com\/sr\/wp-json\/wp\/v2\/product\/4557","targetHints":{"allow":["GET"]}}],"collection":[{"href":"https:\/\/orthodoxblessings.com\/sr\/wp-json\/wp\/v2\/product"}],"about":[{"href":"https:\/\/orthodoxblessings.com\/sr\/wp-json\/wp\/v2\/types\/product"}],"wp:featuredmedia":[{"embeddable":true,"href":"https:\/\/orthodoxblessings.com\/sr\/wp-json\/wp\/v2\/media\/3967"}],"wp:attachment":[{"href":"https:\/\/orthodoxblessings.com\/sr\/wp-json\/wp\/v2\/media?parent=4557"}],"wp:term":[{"taxonomy":"product_brand","embeddable":true,"href":"https:\/\/orthodoxblessings.com\/sr\/wp-json\/wp\/v2\/product_brand?post=4557"},{"taxonomy":"product_cat","embeddable":true,"href":"https:\/\/orthodoxblessings.com\/sr\/wp-json\/wp\/v2\/product_cat?post=4557"},{"taxonomy":"product_tag","embeddable":true,"href":"https:\/\/orthodoxblessings.com\/sr\/wp-json\/wp\/v2\/product_tag?post=4557"}],"curies":[{"name":"wp","href":"https:\/\/api.w.org\/{rel}","templated":true}]}}