{"id":4551,"date":"2025-05-26T11:02:05","date_gmt":"2025-05-26T11:02:05","guid":{"rendered":"https:\/\/orthodoxblessings.com\/shop\/cuvari-za-vaskrsnja-jaja\/"},"modified":"2025-05-26T11:02:05","modified_gmt":"2025-05-26T11:02:05","slug":"cuvari-za-vaskrsnja-jaja","status":"publish","type":"product","link":"https:\/\/orthodoxblessings.com\/sr\/shop\/cuvari-za-vaskrsnja-jaja\/","title":{"rendered":"\u010cuvari za vaskr\u0161nja jaja"},"content":{"rendered":"<p>Mali metali dr\u017ea\u010d za jaje, simbol vaskrsenja, idealno za ukra\u0161avanje prazni\u010dne trpeze.<\/p>\n","protected":false},"excerpt":{"rendered":"<p>Mali metali dr\u017ea\u010d za jaje, simbol vaskrsenja, idealno za ukra\u0161avanje prazni\u010dne trpeze.<\/p>\n","protected":false},"featured_media":4031,"template":"","meta":{"give_campaign_id":0},"product_brand":[],"product_cat":[321],"product_tag":[],"class_list":{"0":"post-4551","1":"product","2":"type-product","3":"status-publish","4":"has-post-thumbnail","6":"product_cat-pokloni","8":"first","9":"outofstock","10":"purchasable","11":"product-type-simple"},"_links":{"self":[{"href":"https:\/\/orthodoxblessings.com\/sr\/wp-json\/wp\/v2\/product\/4551","targetHints":{"allow":["GET"]}}],"collection":[{"href":"https:\/\/orthodoxblessings.com\/sr\/wp-json\/wp\/v2\/product"}],"about":[{"href":"https:\/\/orthodoxblessings.com\/sr\/wp-json\/wp\/v2\/types\/product"}],"wp:featuredmedia":[{"embeddable":true,"href":"https:\/\/orthodoxblessings.com\/sr\/wp-json\/wp\/v2\/media\/4031"}],"wp:attachment":[{"href":"https:\/\/orthodoxblessings.com\/sr\/wp-json\/wp\/v2\/media?parent=4551"}],"wp:term":[{"taxonomy":"product_brand","embeddable":true,"href":"https:\/\/orthodoxblessings.com\/sr\/wp-json\/wp\/v2\/product_brand?post=4551"},{"taxonomy":"product_cat","embeddable":true,"href":"https:\/\/orthodoxblessings.com\/sr\/wp-json\/wp\/v2\/product_cat?post=4551"},{"taxonomy":"product_tag","embeddable":true,"href":"https:\/\/orthodoxblessings.com\/sr\/wp-json\/wp\/v2\/product_tag?post=4551"}],"curies":[{"name":"wp","href":"https:\/\/api.w.org\/{rel}","templated":true}]}}