{"id":4550,"date":"2025-05-26T11:02:05","date_gmt":"2025-05-26T11:02:05","guid":{"rendered":"https:\/\/orthodoxblessings.com\/shop\/fitilj-za-kandilo-koncasti\/"},"modified":"2025-05-26T11:02:05","modified_gmt":"2025-05-26T11:02:05","slug":"fitilj-za-kandilo-koncasti","status":"publish","type":"product","link":"https:\/\/orthodoxblessings.com\/sr\/shop\/fitilj-za-kandilo-koncasti\/","title":{"rendered":"Fitilj za kandilo &#8211; kon\u010dasti"},"content":{"rendered":"<p>Dekorativni dr\u017ea\u010di koji \u0161tite i ulep\u0161avaju vaskr\u0161nja jaja, dodaju\u0107i sve\u010danu atmosferu prazniku.<\/p>\n","protected":false},"excerpt":{"rendered":"<p>Dekorativni dr\u017ea\u010di koji \u0161tite i ulep\u0161avaju vaskr\u0161nja jaja, dodaju\u0107i sve\u010danu atmosferu prazniku.<\/p>\n","protected":false},"featured_media":4029,"template":"","meta":{"give_campaign_id":0},"product_brand":[],"product_cat":[320],"product_tag":[],"class_list":{"0":"post-4550","1":"product","2":"type-product","3":"status-publish","4":"has-post-thumbnail","6":"product_cat-fitilji-i-ulja-za-kandila","8":"first","9":"instock","10":"purchasable","11":"product-type-simple"},"_links":{"self":[{"href":"https:\/\/orthodoxblessings.com\/sr\/wp-json\/wp\/v2\/product\/4550","targetHints":{"allow":["GET"]}}],"collection":[{"href":"https:\/\/orthodoxblessings.com\/sr\/wp-json\/wp\/v2\/product"}],"about":[{"href":"https:\/\/orthodoxblessings.com\/sr\/wp-json\/wp\/v2\/types\/product"}],"wp:featuredmedia":[{"embeddable":true,"href":"https:\/\/orthodoxblessings.com\/sr\/wp-json\/wp\/v2\/media\/4029"}],"wp:attachment":[{"href":"https:\/\/orthodoxblessings.com\/sr\/wp-json\/wp\/v2\/media?parent=4550"}],"wp:term":[{"taxonomy":"product_brand","embeddable":true,"href":"https:\/\/orthodoxblessings.com\/sr\/wp-json\/wp\/v2\/product_brand?post=4550"},{"taxonomy":"product_cat","embeddable":true,"href":"https:\/\/orthodoxblessings.com\/sr\/wp-json\/wp\/v2\/product_cat?post=4550"},{"taxonomy":"product_tag","embeddable":true,"href":"https:\/\/orthodoxblessings.com\/sr\/wp-json\/wp\/v2\/product_tag?post=4550"}],"curies":[{"name":"wp","href":"https:\/\/api.w.org\/{rel}","templated":true}]}}