{"id":4544,"date":"2025-05-26T11:02:05","date_gmt":"2025-05-26T11:02:05","guid":{"rendered":"https:\/\/orthodoxblessings.com\/shop\/drvena-brojanica-sa-krsticem-velika-braon-boje\/"},"modified":"2025-05-26T11:02:05","modified_gmt":"2025-05-26T11:02:05","slug":"drvena-brojanica-sa-krsticem-velika-braon-boje","status":"publish","type":"product","link":"https:\/\/orthodoxblessings.com\/sr\/shop\/drvena-brojanica-sa-krsticem-velika-braon-boje\/","title":{"rendered":"Drvena brojanica sa krsti\u0107em &#8211; Velika braon boje"},"content":{"rendered":"<p>Klasi\u010dna brojanica od prirodnog drveta, ukra\u0161ena rezbarenim krsti\u0107em.<\/p>\n","protected":false},"excerpt":{"rendered":"<p>Klasi\u010dna brojanica od prirodnog drveta, ukra\u0161ena rezbarenim krsti\u0107em.<\/p>\n","protected":false},"featured_media":4013,"template":"","meta":{"give_campaign_id":0},"product_brand":[],"product_cat":[318],"product_tag":[],"class_list":{"0":"post-4544","1":"product","2":"type-product","3":"status-publish","4":"has-post-thumbnail","6":"product_cat-drvene-brojanice","8":"first","9":"instock","10":"purchasable","11":"product-type-simple"},"_links":{"self":[{"href":"https:\/\/orthodoxblessings.com\/sr\/wp-json\/wp\/v2\/product\/4544","targetHints":{"allow":["GET"]}}],"collection":[{"href":"https:\/\/orthodoxblessings.com\/sr\/wp-json\/wp\/v2\/product"}],"about":[{"href":"https:\/\/orthodoxblessings.com\/sr\/wp-json\/wp\/v2\/types\/product"}],"wp:featuredmedia":[{"embeddable":true,"href":"https:\/\/orthodoxblessings.com\/sr\/wp-json\/wp\/v2\/media\/4013"}],"wp:attachment":[{"href":"https:\/\/orthodoxblessings.com\/sr\/wp-json\/wp\/v2\/media?parent=4544"}],"wp:term":[{"taxonomy":"product_brand","embeddable":true,"href":"https:\/\/orthodoxblessings.com\/sr\/wp-json\/wp\/v2\/product_brand?post=4544"},{"taxonomy":"product_cat","embeddable":true,"href":"https:\/\/orthodoxblessings.com\/sr\/wp-json\/wp\/v2\/product_cat?post=4544"},{"taxonomy":"product_tag","embeddable":true,"href":"https:\/\/orthodoxblessings.com\/sr\/wp-json\/wp\/v2\/product_tag?post=4544"}],"curies":[{"name":"wp","href":"https:\/\/api.w.org\/{rel}","templated":true}]}}