{"id":4528,"date":"2025-05-26T11:02:15","date_gmt":"2025-05-26T11:02:15","guid":{"rendered":"https:\/\/orthodoxblessings.com\/shop\/sv-petka-plavo-crvene-odezde\/"},"modified":"2025-05-26T11:02:15","modified_gmt":"2025-05-26T11:02:15","slug":"sv-petka-plavo-crvene-odezde","status":"publish","type":"product","link":"https:\/\/orthodoxblessings.com\/sr\/shop\/sv-petka-plavo-crvene-odezde\/","title":{"rendered":"Sv. Petka &#8211; Plavo, Crvene ode\u017ede"},"content":{"rendered":"<p>Ikona je izra\u0111ena tehnikom ka\u0161iranja. U drvenom ramu i zastakljena je.<\/p>\n","protected":false},"excerpt":{"rendered":"<p>Ikona je izra\u0111ena tehnikom ka\u0161iranja. U drvenom ramu i zastakljena je.<\/p>\n","protected":false},"featured_media":4107,"template":"","meta":{"give_campaign_id":0},"product_brand":[],"product_cat":[314],"product_tag":[],"class_list":{"0":"post-4528","1":"product","2":"type-product","3":"status-publish","4":"has-post-thumbnail","6":"product_cat-ikone-u-staklenim-ramovima","8":"first","9":"instock","10":"sale","11":"purchasable","12":"product-type-simple"},"_links":{"self":[{"href":"https:\/\/orthodoxblessings.com\/sr\/wp-json\/wp\/v2\/product\/4528","targetHints":{"allow":["GET"]}}],"collection":[{"href":"https:\/\/orthodoxblessings.com\/sr\/wp-json\/wp\/v2\/product"}],"about":[{"href":"https:\/\/orthodoxblessings.com\/sr\/wp-json\/wp\/v2\/types\/product"}],"wp:featuredmedia":[{"embeddable":true,"href":"https:\/\/orthodoxblessings.com\/sr\/wp-json\/wp\/v2\/media\/4107"}],"wp:attachment":[{"href":"https:\/\/orthodoxblessings.com\/sr\/wp-json\/wp\/v2\/media?parent=4528"}],"wp:term":[{"taxonomy":"product_brand","embeddable":true,"href":"https:\/\/orthodoxblessings.com\/sr\/wp-json\/wp\/v2\/product_brand?post=4528"},{"taxonomy":"product_cat","embeddable":true,"href":"https:\/\/orthodoxblessings.com\/sr\/wp-json\/wp\/v2\/product_cat?post=4528"},{"taxonomy":"product_tag","embeddable":true,"href":"https:\/\/orthodoxblessings.com\/sr\/wp-json\/wp\/v2\/product_tag?post=4528"}],"curies":[{"name":"wp","href":"https:\/\/api.w.org\/{rel}","templated":true}]}}