{"id":4526,"date":"2025-05-26T11:02:15","date_gmt":"2025-05-26T11:02:15","guid":{"rendered":"https:\/\/orthodoxblessings.com\/shop\/ikona-sv-petka-stojeca-mini\/"},"modified":"2025-05-26T11:02:15","modified_gmt":"2025-05-26T11:02:15","slug":"ikona-sv-petka-stojeca-mini","status":"publish","type":"product","link":"https:\/\/orthodoxblessings.com\/sr\/shop\/ikona-sv-petka-stojeca-mini\/","title":{"rendered":"Ikona Sv.Petka &#8211; Stoje\u0107a Mini"},"content":{"rendered":"<p>Mini ikona Svete Petke je kompaktna i prakti\u010dna, pogodna za no\u0161enje u nov\u010daniku, torbi ili kao li\u010dni blagoslov. Izra\u0111ena je sa pa\u017enjom prema detaljima, uz po\u0161tovanje tradicionalnih kanona ikonopisa. Zahvaljuju\u0107i svojoj veli\u010dini, lako se mo\u017ee koristiti u svakodnevnoj molitvi ili kao mali duhovni dar.<\/p>\n","protected":false},"excerpt":{"rendered":"<p>Mini ikona Svete Petke je kompaktna i prakti\u010dna, pogodna za no\u0161enje u nov\u010daniku, torbi ili kao li\u010dni blagoslov. Izra\u0111ena je sa pa\u017enjom prema detaljima, uz po\u0161tovanje tradicionalnih kanona ikonopisa. Zahvaljuju\u0107i svojoj veli\u010dini, lako se mo\u017ee koristiti u svakodnevnoj molitvi ili kao mali duhovni dar.<\/p>\n","protected":false},"featured_media":9568,"template":"","meta":{"give_campaign_id":0},"product_brand":[],"product_cat":[313],"product_tag":[],"class_list":{"0":"post-4526","1":"product","2":"type-product","3":"status-publish","4":"has-post-thumbnail","6":"product_cat-drvene-ikone","8":"first","9":"instock","10":"purchasable","11":"product-type-simple"},"_links":{"self":[{"href":"https:\/\/orthodoxblessings.com\/sr\/wp-json\/wp\/v2\/product\/4526","targetHints":{"allow":["GET"]}}],"collection":[{"href":"https:\/\/orthodoxblessings.com\/sr\/wp-json\/wp\/v2\/product"}],"about":[{"href":"https:\/\/orthodoxblessings.com\/sr\/wp-json\/wp\/v2\/types\/product"}],"wp:featuredmedia":[{"embeddable":true,"href":"https:\/\/orthodoxblessings.com\/sr\/wp-json\/wp\/v2\/media\/9568"}],"wp:attachment":[{"href":"https:\/\/orthodoxblessings.com\/sr\/wp-json\/wp\/v2\/media?parent=4526"}],"wp:term":[{"taxonomy":"product_brand","embeddable":true,"href":"https:\/\/orthodoxblessings.com\/sr\/wp-json\/wp\/v2\/product_brand?post=4526"},{"taxonomy":"product_cat","embeddable":true,"href":"https:\/\/orthodoxblessings.com\/sr\/wp-json\/wp\/v2\/product_cat?post=4526"},{"taxonomy":"product_tag","embeddable":true,"href":"https:\/\/orthodoxblessings.com\/sr\/wp-json\/wp\/v2\/product_tag?post=4526"}],"curies":[{"name":"wp","href":"https:\/\/api.w.org\/{rel}","templated":true}]}}