{"id":4525,"date":"2025-05-26T11:02:15","date_gmt":"2025-05-26T11:02:15","guid":{"rendered":"https:\/\/orthodoxblessings.com\/shop\/pokrov-rpesvete-bogorodice\/"},"modified":"2025-12-08T09:30:36","modified_gmt":"2025-12-08T09:30:36","slug":"pokrov-presvete-bogorodice","status":"publish","type":"product","link":"https:\/\/orthodoxblessings.com\/sr\/shop\/pokrov-presvete-bogorodice\/","title":{"rendered":"Pokrov Presvete Bogorodice"},"content":{"rendered":"<p>Ikona Pokrova Presvete Bogorodice prikazuje Majku Bo\u017eiju kako \u0161iri svoj omofor (pokrov) nad vernim narodom kao znak za\u0161tite i milosti. Ovaj praznik i ikona nas podse\u0107aju na stalno molitveno zastupni\u0161tvo Bogorodice pred Bogom i Njenu brigu za sve koji joj se sa verom obra\u0107aju.<\/p>\n","protected":false},"excerpt":{"rendered":"<p>Ikona Pokrova Presvete Bogorodice prikazuje Majku Bo\u017eiju kako \u0161iri svoj omofor (pokrov) nad vernim narodom kao znak za\u0161tite i milosti. Ovaj praznik i ikona nas podse\u0107aju na stalno molitveno zastupni\u0161tvo Bogorodice pred Bogom i Njenu brigu za sve koji joj se sa verom obra\u0107aju.<\/p>\n","protected":false},"featured_media":4101,"template":"","meta":{"give_campaign_id":0},"product_brand":[],"product_cat":[313],"product_tag":[],"class_list":{"0":"post-4525","1":"product","2":"type-product","3":"status-publish","4":"has-post-thumbnail","6":"product_cat-drvene-ikone","8":"first","9":"instock","10":"purchasable","11":"product-type-simple"},"_links":{"self":[{"href":"https:\/\/orthodoxblessings.com\/sr\/wp-json\/wp\/v2\/product\/4525","targetHints":{"allow":["GET"]}}],"collection":[{"href":"https:\/\/orthodoxblessings.com\/sr\/wp-json\/wp\/v2\/product"}],"about":[{"href":"https:\/\/orthodoxblessings.com\/sr\/wp-json\/wp\/v2\/types\/product"}],"wp:featuredmedia":[{"embeddable":true,"href":"https:\/\/orthodoxblessings.com\/sr\/wp-json\/wp\/v2\/media\/4101"}],"wp:attachment":[{"href":"https:\/\/orthodoxblessings.com\/sr\/wp-json\/wp\/v2\/media?parent=4525"}],"wp:term":[{"taxonomy":"product_brand","embeddable":true,"href":"https:\/\/orthodoxblessings.com\/sr\/wp-json\/wp\/v2\/product_brand?post=4525"},{"taxonomy":"product_cat","embeddable":true,"href":"https:\/\/orthodoxblessings.com\/sr\/wp-json\/wp\/v2\/product_cat?post=4525"},{"taxonomy":"product_tag","embeddable":true,"href":"https:\/\/orthodoxblessings.com\/sr\/wp-json\/wp\/v2\/product_tag?post=4525"}],"curies":[{"name":"wp","href":"https:\/\/api.w.org\/{rel}","templated":true}]}}