{"id":4522,"date":"2025-05-26T11:02:15","date_gmt":"2025-05-26T11:02:15","guid":{"rendered":"https:\/\/orthodoxblessings.com\/shop\/kutijica-za-tamjan-k1\/"},"modified":"2025-05-26T11:02:15","modified_gmt":"2025-05-26T11:02:15","slug":"kutijica-za-tamjan-k1","status":"publish","type":"product","link":"https:\/\/orthodoxblessings.com\/sr\/shop\/kutijica-za-tamjan-k1\/","title":{"rendered":"Kutijica za tamjan K1"},"content":{"rendered":"<p>Dekorativna i prakti\u010dna kutijica za tamjan, napravljena od kvalitetnog materijala sa finim ukrasima. Idealna za \u010duvanje tamjana, omogu\u0107ava lako skladi\u0161tenje i o\u010duvanje arome.<\/p>\n","protected":false},"excerpt":{"rendered":"<p>Dekorativna i prakti\u010dna kutijica za tamjan, napravljena od kvalitetnog materijala sa finim ukrasima. Idealna za \u010duvanje tamjana, omogu\u0107ava lako skladi\u0161tenje i o\u010duvanje arome.<\/p>\n","protected":false},"featured_media":4085,"template":"","meta":{"give_campaign_id":0},"product_brand":[],"product_cat":[312],"product_tag":[],"class_list":{"0":"post-4522","1":"product","2":"type-product","3":"status-publish","4":"has-post-thumbnail","6":"product_cat-kutijice-za-tamjan-i-brikete","8":"first","9":"instock","10":"purchasable","11":"product-type-simple"},"_links":{"self":[{"href":"https:\/\/orthodoxblessings.com\/sr\/wp-json\/wp\/v2\/product\/4522","targetHints":{"allow":["GET"]}}],"collection":[{"href":"https:\/\/orthodoxblessings.com\/sr\/wp-json\/wp\/v2\/product"}],"about":[{"href":"https:\/\/orthodoxblessings.com\/sr\/wp-json\/wp\/v2\/types\/product"}],"wp:featuredmedia":[{"embeddable":true,"href":"https:\/\/orthodoxblessings.com\/sr\/wp-json\/wp\/v2\/media\/4085"}],"wp:attachment":[{"href":"https:\/\/orthodoxblessings.com\/sr\/wp-json\/wp\/v2\/media?parent=4522"}],"wp:term":[{"taxonomy":"product_brand","embeddable":true,"href":"https:\/\/orthodoxblessings.com\/sr\/wp-json\/wp\/v2\/product_brand?post=4522"},{"taxonomy":"product_cat","embeddable":true,"href":"https:\/\/orthodoxblessings.com\/sr\/wp-json\/wp\/v2\/product_cat?post=4522"},{"taxonomy":"product_tag","embeddable":true,"href":"https:\/\/orthodoxblessings.com\/sr\/wp-json\/wp\/v2\/product_tag?post=4522"}],"curies":[{"name":"wp","href":"https:\/\/api.w.org\/{rel}","templated":true}]}}