{"id":4517,"date":"2025-05-26T11:02:15","date_gmt":"2025-05-26T11:02:15","guid":{"rendered":"https:\/\/orthodoxblessings.com\/shop\/svece-za-krstenje-duplo-pakovanje-crvena-i-plava-sveca\/"},"modified":"2025-05-26T11:02:15","modified_gmt":"2025-05-26T11:02:15","slug":"svece-za-krstenje-duplo-pakovanje-crvena-i-plava-sveca","status":"publish","type":"product","link":"https:\/\/orthodoxblessings.com\/sr\/shop\/svece-za-krstenje-duplo-pakovanje-crvena-i-plava-sveca\/","title":{"rendered":"Sve\u0107e za kr\u0161tenje duplo pakovanje &#8211; crvena i plava sve\u0107a"},"content":{"rendered":"<p>Dizajnirane za kr\u0161tenje, ove sve\u0107e simbolizuju duhovnu \u010distotu i za\u0161titu.<\/p>\n","protected":false},"excerpt":{"rendered":"<p>Dizajnirane za kr\u0161tenje, ove sve\u0107e simbolizuju duhovnu \u010distotu i za\u0161titu.<\/p>\n","protected":false},"featured_media":4069,"template":"","meta":{"give_campaign_id":0},"product_brand":[],"product_cat":[309],"product_tag":[],"class_list":{"0":"post-4517","1":"product","2":"type-product","3":"status-publish","4":"has-post-thumbnail","6":"product_cat-svece-za-krstenje","8":"first","9":"instock","10":"purchasable","11":"product-type-simple"},"_links":{"self":[{"href":"https:\/\/orthodoxblessings.com\/sr\/wp-json\/wp\/v2\/product\/4517","targetHints":{"allow":["GET"]}}],"collection":[{"href":"https:\/\/orthodoxblessings.com\/sr\/wp-json\/wp\/v2\/product"}],"about":[{"href":"https:\/\/orthodoxblessings.com\/sr\/wp-json\/wp\/v2\/types\/product"}],"wp:featuredmedia":[{"embeddable":true,"href":"https:\/\/orthodoxblessings.com\/sr\/wp-json\/wp\/v2\/media\/4069"}],"wp:attachment":[{"href":"https:\/\/orthodoxblessings.com\/sr\/wp-json\/wp\/v2\/media?parent=4517"}],"wp:term":[{"taxonomy":"product_brand","embeddable":true,"href":"https:\/\/orthodoxblessings.com\/sr\/wp-json\/wp\/v2\/product_brand?post=4517"},{"taxonomy":"product_cat","embeddable":true,"href":"https:\/\/orthodoxblessings.com\/sr\/wp-json\/wp\/v2\/product_cat?post=4517"},{"taxonomy":"product_tag","embeddable":true,"href":"https:\/\/orthodoxblessings.com\/sr\/wp-json\/wp\/v2\/product_tag?post=4517"}],"curies":[{"name":"wp","href":"https:\/\/api.w.org\/{rel}","templated":true}]}}