{"id":4515,"date":"2025-05-26T11:02:26","date_gmt":"2025-05-26T11:02:26","guid":{"rendered":"https:\/\/orthodoxblessings.com\/shop\/pravoslavni-molitvenik-crveni-sa-zlatotiskom\/"},"modified":"2025-05-26T11:02:26","modified_gmt":"2025-05-26T11:02:26","slug":"pravoslavni-molitvenik-crveni-sa-zlatotiskom","status":"publish","type":"product","link":"https:\/\/orthodoxblessings.com\/sr\/shop\/pravoslavni-molitvenik-crveni-sa-zlatotiskom\/","title":{"rendered":"Pravoslavni molitvenik \u2013 crveni sa zlatotiskom"},"content":{"rendered":"<p>Ovaj prelep pravoslavni molitvenik crvene boje sa zlatotiskom savr\u0161eno kombinuje tradiciju i eleganciju. Njegov mali format omogu\u0107ava lako no\u0161enje, dok bogat sadr\u017eaj nudi va\u017ene molitve i duhovne tekstove za svakodnevnu upotrebu. Savr\u0161en za li\u010dnu upotrebu ili kao dar, ovaj molitvenik je simbol duhovne posve\u0107enosti i lepog ukrasa u svakom domu.<\/p>\n","protected":false},"excerpt":{"rendered":"<p>Ovaj prelep pravoslavni molitvenik crvene boje sa zlatotiskom savr\u0161eno kombinuje tradiciju i eleganciju. Njegov mali format omogu\u0107ava lako no\u0161enje, dok bogat sadr\u017eaj nudi va\u017ene molitve i duhovne tekstove za svakodnevnu upotrebu. Savr\u0161en za li\u010dnu upotrebu ili kao dar, ovaj molitvenik je simbol duhovne posve\u0107enosti i lepog ukrasa u svakom domu.<\/p>\n","protected":false},"featured_media":4151,"template":"","meta":{"give_campaign_id":0},"product_brand":[],"product_cat":[307],"product_tag":[],"class_list":{"0":"post-4515","1":"product","2":"type-product","3":"status-publish","4":"has-post-thumbnail","6":"product_cat-duhovna-literatura","8":"first","9":"instock","10":"purchasable","11":"product-type-simple"},"_links":{"self":[{"href":"https:\/\/orthodoxblessings.com\/sr\/wp-json\/wp\/v2\/product\/4515","targetHints":{"allow":["GET"]}}],"collection":[{"href":"https:\/\/orthodoxblessings.com\/sr\/wp-json\/wp\/v2\/product"}],"about":[{"href":"https:\/\/orthodoxblessings.com\/sr\/wp-json\/wp\/v2\/types\/product"}],"wp:featuredmedia":[{"embeddable":true,"href":"https:\/\/orthodoxblessings.com\/sr\/wp-json\/wp\/v2\/media\/4151"}],"wp:attachment":[{"href":"https:\/\/orthodoxblessings.com\/sr\/wp-json\/wp\/v2\/media?parent=4515"}],"wp:term":[{"taxonomy":"product_brand","embeddable":true,"href":"https:\/\/orthodoxblessings.com\/sr\/wp-json\/wp\/v2\/product_brand?post=4515"},{"taxonomy":"product_cat","embeddable":true,"href":"https:\/\/orthodoxblessings.com\/sr\/wp-json\/wp\/v2\/product_cat?post=4515"},{"taxonomy":"product_tag","embeddable":true,"href":"https:\/\/orthodoxblessings.com\/sr\/wp-json\/wp\/v2\/product_tag?post=4515"}],"curies":[{"name":"wp","href":"https:\/\/api.w.org\/{rel}","templated":true}]}}