{"id":4514,"date":"2025-05-26T11:02:26","date_gmt":"2025-05-26T11:02:26","guid":{"rendered":"https:\/\/orthodoxblessings.com\/shop\/molitvenik-crveni-sa-zlatotiskom\/"},"modified":"2025-05-26T11:02:26","modified_gmt":"2025-05-26T11:02:26","slug":"molitvenik-crveni-sa-zlatotiskom","status":"publish","type":"product","link":"https:\/\/orthodoxblessings.com\/sr\/shop\/molitvenik-crveni-sa-zlatotiskom\/","title":{"rendered":"Molitvenik \u2013 crveni, sa zlatotiskom"},"content":{"rendered":"<p>Ovaj mali pravoslavni molitvenik u crvenoj boji sa zlatotiskom je savr\u0161en pratilac za svakodnevne molitve. Kompaktnan i elegantan, idealan je za no\u0161enje sa sobom, omogu\u0107avaju\u0107i vam da se molite u bilo kom trenutku. Sadr\u017ei osnovne molitve i tekstove, pru\u017eaju\u0107i duhovnu podr\u0161ku vernicima u svakom trenutku. Njegov klasi\u010dan dizajn i visokokvalitetni zlatotisak \u010dine ga i lepim poklonom za sve vernike.<\/p>\n","protected":false},"excerpt":{"rendered":"<p>Ovaj mali pravoslavni molitvenik u crvenoj boji sa zlatotiskom je savr\u0161en pratilac za svakodnevne molitve. Kompaktnan i elegantan, idealan je za no\u0161enje sa sobom, omogu\u0107avaju\u0107i vam da se molite u bilo kom trenutku. Sadr\u017ei osnovne molitve i tekstove, pru\u017eaju\u0107i duhovnu podr\u0161ku vernicima u svakom trenutku. Njegov klasi\u010dan dizajn i visokokvalitetni zlatotisak \u010dine ga i lepim [&hellip;]<\/p>\n","protected":false},"featured_media":4149,"template":"","meta":{"give_campaign_id":0},"product_brand":[],"product_cat":[307],"product_tag":[],"class_list":{"0":"post-4514","1":"product","2":"type-product","3":"status-publish","4":"has-post-thumbnail","6":"product_cat-duhovna-literatura","8":"first","9":"instock","10":"purchasable","11":"product-type-simple"},"_links":{"self":[{"href":"https:\/\/orthodoxblessings.com\/sr\/wp-json\/wp\/v2\/product\/4514","targetHints":{"allow":["GET"]}}],"collection":[{"href":"https:\/\/orthodoxblessings.com\/sr\/wp-json\/wp\/v2\/product"}],"about":[{"href":"https:\/\/orthodoxblessings.com\/sr\/wp-json\/wp\/v2\/types\/product"}],"wp:featuredmedia":[{"embeddable":true,"href":"https:\/\/orthodoxblessings.com\/sr\/wp-json\/wp\/v2\/media\/4149"}],"wp:attachment":[{"href":"https:\/\/orthodoxblessings.com\/sr\/wp-json\/wp\/v2\/media?parent=4514"}],"wp:term":[{"taxonomy":"product_brand","embeddable":true,"href":"https:\/\/orthodoxblessings.com\/sr\/wp-json\/wp\/v2\/product_brand?post=4514"},{"taxonomy":"product_cat","embeddable":true,"href":"https:\/\/orthodoxblessings.com\/sr\/wp-json\/wp\/v2\/product_cat?post=4514"},{"taxonomy":"product_tag","embeddable":true,"href":"https:\/\/orthodoxblessings.com\/sr\/wp-json\/wp\/v2\/product_tag?post=4514"}],"curies":[{"name":"wp","href":"https:\/\/api.w.org\/{rel}","templated":true}]}}