{"id":4512,"date":"2025-05-26T11:02:26","date_gmt":"2025-05-26T11:02:26","guid":{"rendered":"https:\/\/orthodoxblessings.com\/shop\/johannes-damaskenos\/"},"modified":"2025-05-26T11:02:26","modified_gmt":"2025-05-26T11:02:26","slug":"johannes-damaskenos","status":"publish","type":"product","link":"https:\/\/orthodoxblessings.com\/sr\/shop\/johannes-damaskenos\/","title":{"rendered":"Johannes Damaskenos"},"content":{"rendered":"<p>Pravoslavna vera\u201c Jovana Damaskina, va\u017ean teolo\u0161ki tekst iz 8. veka, pru\u017ea duboko razumevanje isto\u010dne crkvene tradicije. Knjiga se bavi filosofijom, jeresima i osnovnim dogmama pravoslavne vere, i predstavlja jedan od najzna\u010dajnijih izvora za istorijsko i teolo\u0161ko razumevanje rane crkve.<\/p>\n","protected":false},"excerpt":{"rendered":"<p>Pravoslavna vera\u201c Jovana Damaskina, va\u017ean teolo\u0161ki tekst iz 8. veka, pru\u017ea duboko razumevanje isto\u010dne crkvene tradicije. Knjiga se bavi filosofijom, jeresima i osnovnim dogmama pravoslavne vere, i predstavlja jedan od najzna\u010dajnijih izvora za istorijsko i teolo\u0161ko razumevanje rane crkve.<\/p>\n","protected":false},"featured_media":4145,"template":"","meta":{"give_campaign_id":0},"product_brand":[],"product_cat":[307],"product_tag":[],"class_list":{"0":"post-4512","1":"product","2":"type-product","3":"status-publish","4":"has-post-thumbnail","6":"product_cat-duhovna-literatura","8":"first","9":"instock","10":"purchasable","11":"product-type-simple"},"_links":{"self":[{"href":"https:\/\/orthodoxblessings.com\/sr\/wp-json\/wp\/v2\/product\/4512","targetHints":{"allow":["GET"]}}],"collection":[{"href":"https:\/\/orthodoxblessings.com\/sr\/wp-json\/wp\/v2\/product"}],"about":[{"href":"https:\/\/orthodoxblessings.com\/sr\/wp-json\/wp\/v2\/types\/product"}],"wp:featuredmedia":[{"embeddable":true,"href":"https:\/\/orthodoxblessings.com\/sr\/wp-json\/wp\/v2\/media\/4145"}],"wp:attachment":[{"href":"https:\/\/orthodoxblessings.com\/sr\/wp-json\/wp\/v2\/media?parent=4512"}],"wp:term":[{"taxonomy":"product_brand","embeddable":true,"href":"https:\/\/orthodoxblessings.com\/sr\/wp-json\/wp\/v2\/product_brand?post=4512"},{"taxonomy":"product_cat","embeddable":true,"href":"https:\/\/orthodoxblessings.com\/sr\/wp-json\/wp\/v2\/product_cat?post=4512"},{"taxonomy":"product_tag","embeddable":true,"href":"https:\/\/orthodoxblessings.com\/sr\/wp-json\/wp\/v2\/product_tag?post=4512"}],"curies":[{"name":"wp","href":"https:\/\/api.w.org\/{rel}","templated":true}]}}