{"id":4511,"date":"2025-05-26T11:02:26","date_gmt":"2025-05-26T11:02:26","guid":{"rendered":"https:\/\/orthodoxblessings.com\/shop\/the-sacred-and-divine-liturgy\/"},"modified":"2025-12-06T16:19:29","modified_gmt":"2025-12-06T16:19:29","slug":"bozanska-liturgija","status":"publish","type":"product","link":"https:\/\/orthodoxblessings.com\/sr\/shop\/bozanska-liturgija\/","title":{"rendered":"Bo\u017eanska Liturgija"},"content":{"rendered":"<p>\u201eDivine Liturgy\u201c \u2013 Ovo je dvojezi\u010dno izdanje na srpskom i engleskom jeziku koje sadr\u017ei potpun tekst Liturgije Svetog Jovana Zlatoustog. Knjiga je ilustrovana i pru\u017ea dublje razumevanje liturgijskog obreda.<\/p>\n","protected":false},"excerpt":{"rendered":"<p>\u201eDivine Liturgy\u201c \u2013 Ovo je dvojezi\u010dno izdanje na srpskom i engleskom jeziku koje sadr\u017ei potpun tekst Liturgije Svetog Jovana Zlatoustog. Knjiga je ilustrovana i pru\u017ea dublje razumevanje liturgijskog obreda.<\/p>\n","protected":false},"featured_media":4143,"template":"","meta":{"give_campaign_id":0},"product_brand":[],"product_cat":[307],"product_tag":[],"class_list":{"0":"post-4511","1":"product","2":"type-product","3":"status-publish","4":"has-post-thumbnail","6":"product_cat-duhovna-literatura","8":"first","9":"instock","10":"purchasable","11":"product-type-simple"},"_links":{"self":[{"href":"https:\/\/orthodoxblessings.com\/sr\/wp-json\/wp\/v2\/product\/4511","targetHints":{"allow":["GET"]}}],"collection":[{"href":"https:\/\/orthodoxblessings.com\/sr\/wp-json\/wp\/v2\/product"}],"about":[{"href":"https:\/\/orthodoxblessings.com\/sr\/wp-json\/wp\/v2\/types\/product"}],"wp:featuredmedia":[{"embeddable":true,"href":"https:\/\/orthodoxblessings.com\/sr\/wp-json\/wp\/v2\/media\/4143"}],"wp:attachment":[{"href":"https:\/\/orthodoxblessings.com\/sr\/wp-json\/wp\/v2\/media?parent=4511"}],"wp:term":[{"taxonomy":"product_brand","embeddable":true,"href":"https:\/\/orthodoxblessings.com\/sr\/wp-json\/wp\/v2\/product_brand?post=4511"},{"taxonomy":"product_cat","embeddable":true,"href":"https:\/\/orthodoxblessings.com\/sr\/wp-json\/wp\/v2\/product_cat?post=4511"},{"taxonomy":"product_tag","embeddable":true,"href":"https:\/\/orthodoxblessings.com\/sr\/wp-json\/wp\/v2\/product_tag?post=4511"}],"curies":[{"name":"wp","href":"https:\/\/api.w.org\/{rel}","templated":true}]}}