{"id":4510,"date":"2025-05-26T11:02:26","date_gmt":"2025-05-26T11:02:26","guid":{"rendered":"https:\/\/orthodoxblessings.com\/shop\/den-ortodox-kyrkan\/"},"modified":"2025-05-26T11:02:26","modified_gmt":"2025-05-26T11:02:26","slug":"den-ortodox-kyrkan","status":"publish","type":"product","link":"https:\/\/orthodoxblessings.com\/sr\/shop\/den-ortodox-kyrkan\/","title":{"rendered":"Den Ortodox Kyrkan"},"content":{"rendered":"<p>\u201eDen ortodoxa kyrkan\u201c (Pravoslavna crkva) autora Kalistosa Vera pru\u017ea sveobuhvatan pregled istorije, u\u010denja i bogoslu\u017eenja Pravoslavne crkve.<\/p>\n","protected":false},"excerpt":{"rendered":"<p>\u201eDen ortodoxa kyrkan\u201c (Pravoslavna crkva) autora Kalistosa Vera pru\u017ea sveobuhvatan pregled istorije, u\u010denja i bogoslu\u017eenja Pravoslavne crkve.<\/p>\n","protected":false},"featured_media":4141,"template":"","meta":{"give_campaign_id":0},"product_brand":[],"product_cat":[307],"product_tag":[],"class_list":{"0":"post-4510","1":"product","2":"type-product","3":"status-publish","4":"has-post-thumbnail","6":"product_cat-duhovna-literatura","8":"first","9":"instock","10":"purchasable","11":"product-type-simple"},"_links":{"self":[{"href":"https:\/\/orthodoxblessings.com\/sr\/wp-json\/wp\/v2\/product\/4510","targetHints":{"allow":["GET"]}}],"collection":[{"href":"https:\/\/orthodoxblessings.com\/sr\/wp-json\/wp\/v2\/product"}],"about":[{"href":"https:\/\/orthodoxblessings.com\/sr\/wp-json\/wp\/v2\/types\/product"}],"wp:featuredmedia":[{"embeddable":true,"href":"https:\/\/orthodoxblessings.com\/sr\/wp-json\/wp\/v2\/media\/4141"}],"wp:attachment":[{"href":"https:\/\/orthodoxblessings.com\/sr\/wp-json\/wp\/v2\/media?parent=4510"}],"wp:term":[{"taxonomy":"product_brand","embeddable":true,"href":"https:\/\/orthodoxblessings.com\/sr\/wp-json\/wp\/v2\/product_brand?post=4510"},{"taxonomy":"product_cat","embeddable":true,"href":"https:\/\/orthodoxblessings.com\/sr\/wp-json\/wp\/v2\/product_cat?post=4510"},{"taxonomy":"product_tag","embeddable":true,"href":"https:\/\/orthodoxblessings.com\/sr\/wp-json\/wp\/v2\/product_tag?post=4510"}],"curies":[{"name":"wp","href":"https:\/\/api.w.org\/{rel}","templated":true}]}}