{"id":4509,"date":"2025-05-26T11:02:26","date_gmt":"2025-05-26T11:02:26","guid":{"rendered":"https:\/\/orthodoxblessings.com\/shop\/okenfaderna\/"},"modified":"2025-05-26T11:02:26","modified_gmt":"2025-05-26T11:02:26","slug":"okenfaderna","status":"publish","type":"product","link":"https:\/\/orthodoxblessings.com\/sr\/shop\/okenfaderna\/","title":{"rendered":"\u00d6kenf\u00e4derna"},"content":{"rendered":"<p>\u201eO\u010dena\u0161i\u201c (\u00d6kenf\u00e4derna) je zbirka pouka ranohri\u0161\u0107anskih monaha koji su \u017eiveli u pustinjama tra\u017ee\u0107i dublji odnos sa Bogom. Njihove kratke i mudre izreke podsti\u010du na smirenje, molitvu i unutra\u0161nju duhovnu borbu.<\/p>\n","protected":false},"excerpt":{"rendered":"<p>\u201eO\u010dena\u0161i\u201c (\u00d6kenf\u00e4derna) je zbirka pouka ranohri\u0161\u0107anskih monaha koji su \u017eiveli u pustinjama tra\u017ee\u0107i dublji odnos sa Bogom. Njihove kratke i mudre izreke podsti\u010du na smirenje, molitvu i unutra\u0161nju duhovnu borbu.<\/p>\n","protected":false},"featured_media":4139,"template":"","meta":{"give_campaign_id":0},"product_brand":[],"product_cat":[307],"product_tag":[],"class_list":{"0":"post-4509","1":"product","2":"type-product","3":"status-publish","4":"has-post-thumbnail","6":"product_cat-duhovna-literatura","8":"first","9":"instock","10":"purchasable","11":"product-type-simple"},"_links":{"self":[{"href":"https:\/\/orthodoxblessings.com\/sr\/wp-json\/wp\/v2\/product\/4509","targetHints":{"allow":["GET"]}}],"collection":[{"href":"https:\/\/orthodoxblessings.com\/sr\/wp-json\/wp\/v2\/product"}],"about":[{"href":"https:\/\/orthodoxblessings.com\/sr\/wp-json\/wp\/v2\/types\/product"}],"wp:featuredmedia":[{"embeddable":true,"href":"https:\/\/orthodoxblessings.com\/sr\/wp-json\/wp\/v2\/media\/4139"}],"wp:attachment":[{"href":"https:\/\/orthodoxblessings.com\/sr\/wp-json\/wp\/v2\/media?parent=4509"}],"wp:term":[{"taxonomy":"product_brand","embeddable":true,"href":"https:\/\/orthodoxblessings.com\/sr\/wp-json\/wp\/v2\/product_brand?post=4509"},{"taxonomy":"product_cat","embeddable":true,"href":"https:\/\/orthodoxblessings.com\/sr\/wp-json\/wp\/v2\/product_cat?post=4509"},{"taxonomy":"product_tag","embeddable":true,"href":"https:\/\/orthodoxblessings.com\/sr\/wp-json\/wp\/v2\/product_tag?post=4509"}],"curies":[{"name":"wp","href":"https:\/\/api.w.org\/{rel}","templated":true}]}}