{"id":4506,"date":"2025-05-26T11:02:26","date_gmt":"2025-05-26T11:02:26","guid":{"rendered":"https:\/\/orthodoxblessings.com\/shop\/ovim-hranite-duse-svoje\/"},"modified":"2025-05-26T11:02:26","modified_gmt":"2025-05-26T11:02:26","slug":"ovim-hranite-duse-svoje","status":"publish","type":"product","link":"https:\/\/orthodoxblessings.com\/sr\/shop\/ovim-hranite-duse-svoje\/","title":{"rendered":"Ovim hranite du\u0161e svoje"},"content":{"rendered":"<p>\u201eOvim hranite du\u0161e svoje\u201c je zbirka pravoslavnih duhovnih tekstova namenjena svima koji tragaju za unutra\u0161njim mirom i smirenjem. Sa ikonom Gospoda Isusa Hrista na korici, knjiga simboli\u010dno poziva \u010ditaoca na susret sa Hristom kroz molitvu, pouku i duhovnu utehu.<\/p>\n","protected":false},"excerpt":{"rendered":"<p>\u201eOvim hranite du\u0161e svoje\u201c je zbirka pravoslavnih duhovnih tekstova namenjena svima koji tragaju za unutra\u0161njim mirom i smirenjem. Sa ikonom Gospoda Isusa Hrista na korici, knjiga simboli\u010dno poziva \u010ditaoca na susret sa Hristom kroz molitvu, pouku i duhovnu utehu.<\/p>\n","protected":false},"featured_media":4135,"template":"","meta":{"give_campaign_id":0},"product_brand":[],"product_cat":[307],"product_tag":[],"class_list":{"0":"post-4506","1":"product","2":"type-product","3":"status-publish","4":"has-post-thumbnail","6":"product_cat-duhovna-literatura","8":"first","9":"instock","10":"purchasable","11":"product-type-simple"},"_links":{"self":[{"href":"https:\/\/orthodoxblessings.com\/sr\/wp-json\/wp\/v2\/product\/4506","targetHints":{"allow":["GET"]}}],"collection":[{"href":"https:\/\/orthodoxblessings.com\/sr\/wp-json\/wp\/v2\/product"}],"about":[{"href":"https:\/\/orthodoxblessings.com\/sr\/wp-json\/wp\/v2\/types\/product"}],"wp:featuredmedia":[{"embeddable":true,"href":"https:\/\/orthodoxblessings.com\/sr\/wp-json\/wp\/v2\/media\/4135"}],"wp:attachment":[{"href":"https:\/\/orthodoxblessings.com\/sr\/wp-json\/wp\/v2\/media?parent=4506"}],"wp:term":[{"taxonomy":"product_brand","embeddable":true,"href":"https:\/\/orthodoxblessings.com\/sr\/wp-json\/wp\/v2\/product_brand?post=4506"},{"taxonomy":"product_cat","embeddable":true,"href":"https:\/\/orthodoxblessings.com\/sr\/wp-json\/wp\/v2\/product_cat?post=4506"},{"taxonomy":"product_tag","embeddable":true,"href":"https:\/\/orthodoxblessings.com\/sr\/wp-json\/wp\/v2\/product_tag?post=4506"}],"curies":[{"name":"wp","href":"https:\/\/api.w.org\/{rel}","templated":true}]}}