{"id":4505,"date":"2025-05-26T11:02:26","date_gmt":"2025-05-26T11:02:26","guid":{"rendered":"https:\/\/orthodoxblessings.com\/shop\/naucimo-se-molitvi\/"},"modified":"2025-05-26T11:02:26","modified_gmt":"2025-05-26T11:02:26","slug":"naucimo-se-molitvi","status":"publish","type":"product","link":"https:\/\/orthodoxblessings.com\/sr\/shop\/naucimo-se-molitvi\/","title":{"rendered":"Nau\u010dimo se molitvi"},"content":{"rendered":"<p>\u201eNau\u010dimo se molitvi\u201c mitropolita Antonija Bluma je sa\u017eet i nadahnut vodi\u010d kroz smisao i zna\u010daj molitve u svakodnevnom \u017eivotu. Knjiga poziva \u010ditaoca da otkrije dublju duhovnu povezanost sa Bogom kroz li\u010dnu i iskrenu molitvu. <\/p>\n","protected":false},"excerpt":{"rendered":"<p>\u201eNau\u010dimo se molitvi\u201c mitropolita Antonija Bluma je sa\u017eet i nadahnut vodi\u010d kroz smisao i zna\u010daj molitve u svakodnevnom \u017eivotu. Knjiga poziva \u010ditaoca da otkrije dublju duhovnu povezanost sa Bogom kroz li\u010dnu i iskrenu molitvu.<\/p>\n","protected":false},"featured_media":4133,"template":"","meta":{"give_campaign_id":0},"product_brand":[],"product_cat":[307],"product_tag":[],"class_list":{"0":"post-4505","1":"product","2":"type-product","3":"status-publish","4":"has-post-thumbnail","6":"product_cat-duhovna-literatura","8":"first","9":"instock","10":"purchasable","11":"product-type-simple"},"_links":{"self":[{"href":"https:\/\/orthodoxblessings.com\/sr\/wp-json\/wp\/v2\/product\/4505","targetHints":{"allow":["GET"]}}],"collection":[{"href":"https:\/\/orthodoxblessings.com\/sr\/wp-json\/wp\/v2\/product"}],"about":[{"href":"https:\/\/orthodoxblessings.com\/sr\/wp-json\/wp\/v2\/types\/product"}],"wp:featuredmedia":[{"embeddable":true,"href":"https:\/\/orthodoxblessings.com\/sr\/wp-json\/wp\/v2\/media\/4133"}],"wp:attachment":[{"href":"https:\/\/orthodoxblessings.com\/sr\/wp-json\/wp\/v2\/media?parent=4505"}],"wp:term":[{"taxonomy":"product_brand","embeddable":true,"href":"https:\/\/orthodoxblessings.com\/sr\/wp-json\/wp\/v2\/product_brand?post=4505"},{"taxonomy":"product_cat","embeddable":true,"href":"https:\/\/orthodoxblessings.com\/sr\/wp-json\/wp\/v2\/product_cat?post=4505"},{"taxonomy":"product_tag","embeddable":true,"href":"https:\/\/orthodoxblessings.com\/sr\/wp-json\/wp\/v2\/product_tag?post=4505"}],"curies":[{"name":"wp","href":"https:\/\/api.w.org\/{rel}","templated":true}]}}