{"id":4504,"date":"2025-05-26T11:02:26","date_gmt":"2025-05-26T11:02:26","guid":{"rendered":"https:\/\/orthodoxblessings.com\/shop\/filokalia-3\/"},"modified":"2025-08-22T07:03:18","modified_gmt":"2025-08-22T07:03:18","slug":"filokalia-3","status":"publish","type":"product","link":"https:\/\/orthodoxblessings.com\/sr\/shop\/filokalia-3\/","title":{"rendered":"Filokalia 3"},"content":{"rendered":"<p>predstavlja nastavak sabranih spisa pravoslavnih duhovnih u\u010ditelja, fokusiraju\u0107i se na teme kao \u0161to su unutra\u0161nja molitva, trezvenost i duhovna borba. Ovaj tom obuhvata dela koja produbljuju razumevanje molitve srca i pru\u017eaju smernice za duhovni napredak i o\u010di\u0161\u0107enje du\u0161e.\u200b <\/p>\n","protected":false},"excerpt":{"rendered":"<p>predstavlja nastavak sabranih spisa pravoslavnih duhovnih u\u010ditelja, fokusiraju\u0107i se na teme kao \u0161to su unutra\u0161nja molitva, trezvenost i duhovna borba. Ovaj tom obuhvata dela koja produbljuju razumevanje molitve srca i pru\u017eaju smernice za duhovni napredak i o\u010di\u0161\u0107enje du\u0161e.\u200b<\/p>\n","protected":false},"featured_media":4131,"template":"","meta":{"give_campaign_id":0},"product_brand":[],"product_cat":[307],"product_tag":[],"class_list":{"0":"post-4504","1":"product","2":"type-product","3":"status-publish","4":"has-post-thumbnail","6":"product_cat-duhovna-literatura","8":"first","9":"instock","10":"purchasable","11":"product-type-simple"},"_links":{"self":[{"href":"https:\/\/orthodoxblessings.com\/sr\/wp-json\/wp\/v2\/product\/4504","targetHints":{"allow":["GET"]}}],"collection":[{"href":"https:\/\/orthodoxblessings.com\/sr\/wp-json\/wp\/v2\/product"}],"about":[{"href":"https:\/\/orthodoxblessings.com\/sr\/wp-json\/wp\/v2\/types\/product"}],"wp:featuredmedia":[{"embeddable":true,"href":"https:\/\/orthodoxblessings.com\/sr\/wp-json\/wp\/v2\/media\/4131"}],"wp:attachment":[{"href":"https:\/\/orthodoxblessings.com\/sr\/wp-json\/wp\/v2\/media?parent=4504"}],"wp:term":[{"taxonomy":"product_brand","embeddable":true,"href":"https:\/\/orthodoxblessings.com\/sr\/wp-json\/wp\/v2\/product_brand?post=4504"},{"taxonomy":"product_cat","embeddable":true,"href":"https:\/\/orthodoxblessings.com\/sr\/wp-json\/wp\/v2\/product_cat?post=4504"},{"taxonomy":"product_tag","embeddable":true,"href":"https:\/\/orthodoxblessings.com\/sr\/wp-json\/wp\/v2\/product_tag?post=4504"}],"curies":[{"name":"wp","href":"https:\/\/api.w.org\/{rel}","templated":true}]}}