{"id":4503,"date":"2025-05-26T11:02:26","date_gmt":"2025-05-26T11:02:26","guid":{"rendered":"https:\/\/orthodoxblessings.com\/shop\/filokalia-2\/"},"modified":"2025-05-26T11:02:26","modified_gmt":"2025-05-26T11:02:26","slug":"filokalia-2","status":"publish","type":"product","link":"https:\/\/orthodoxblessings.com\/sr\/shop\/filokalia-2\/","title":{"rendered":"Filokalia 2"},"content":{"rendered":"<p>\u201eFilokalija 2\u201c nastavlja da otkriva dubine pravoslavne duhovnosti kroz spise svetih otaca kao \u0161to su sveti Filotej sa Sinaja i sveti Ilija Prezviter. Ovaj tom nagla\u0161ava zna\u010daj trezvenosti (n\u00e9psis), unutra\u0161nje ti\u0161ine, stalne molitve i borbe protiv lo\u0161ih misli. <\/p>\n","protected":false},"excerpt":{"rendered":"<p>\u201eFilokalija 2\u201c nastavlja da otkriva dubine pravoslavne duhovnosti kroz spise svetih otaca kao \u0161to su sveti Filotej sa Sinaja i sveti Ilija Prezviter. Ovaj tom nagla\u0161ava zna\u010daj trezvenosti (n\u00e9psis), unutra\u0161nje ti\u0161ine, stalne molitve i borbe protiv lo\u0161ih misli.<\/p>\n","protected":false},"featured_media":4129,"template":"","meta":{"give_campaign_id":0},"product_brand":[],"product_cat":[307],"product_tag":[],"class_list":{"0":"post-4503","1":"product","2":"type-product","3":"status-publish","4":"has-post-thumbnail","6":"product_cat-duhovna-literatura","8":"first","9":"instock","10":"purchasable","11":"product-type-simple"},"_links":{"self":[{"href":"https:\/\/orthodoxblessings.com\/sr\/wp-json\/wp\/v2\/product\/4503","targetHints":{"allow":["GET"]}}],"collection":[{"href":"https:\/\/orthodoxblessings.com\/sr\/wp-json\/wp\/v2\/product"}],"about":[{"href":"https:\/\/orthodoxblessings.com\/sr\/wp-json\/wp\/v2\/types\/product"}],"wp:featuredmedia":[{"embeddable":true,"href":"https:\/\/orthodoxblessings.com\/sr\/wp-json\/wp\/v2\/media\/4129"}],"wp:attachment":[{"href":"https:\/\/orthodoxblessings.com\/sr\/wp-json\/wp\/v2\/media?parent=4503"}],"wp:term":[{"taxonomy":"product_brand","embeddable":true,"href":"https:\/\/orthodoxblessings.com\/sr\/wp-json\/wp\/v2\/product_brand?post=4503"},{"taxonomy":"product_cat","embeddable":true,"href":"https:\/\/orthodoxblessings.com\/sr\/wp-json\/wp\/v2\/product_cat?post=4503"},{"taxonomy":"product_tag","embeddable":true,"href":"https:\/\/orthodoxblessings.com\/sr\/wp-json\/wp\/v2\/product_tag?post=4503"}],"curies":[{"name":"wp","href":"https:\/\/api.w.org\/{rel}","templated":true}]}}